{"id":143,"date":"2024-06-19T09:54:24","date_gmt":"2024-06-19T09:54:24","guid":{"rendered":"https:\/\/studentenkamerkopen.nl\/?page_id=143"},"modified":"2024-12-08T17:28:59","modified_gmt":"2024-12-08T17:28:59","slug":"uber-uns","status":"publish","type":"page","link":"https:\/\/studentenkamerkopen.nl\/de\/uber-uns\/","title":{"rendered":"\u00dcber uns"},"content":{"rendered":"<div data-elementor-type=\"wp-page\" data-elementor-id=\"143\" class=\"elementor elementor-143\" data-elementor-post-type=\"page\">\n\t\t\t\t<div class=\"elementor-element elementor-element-8d38e00 e-con-full e-flex e-con e-parent\" data-id=\"8d38e00\" data-element_type=\"container\" data-settings=\"{&quot;jet_parallax_layout_list&quot;:[]}\">\n\t\t<div class=\"elementor-element elementor-element-01e1f37 e-flex e-con-boxed e-con e-child\" data-id=\"01e1f37\" data-element_type=\"container\" data-settings=\"{&quot;jet_parallax_layout_list&quot;:[]}\">\n\t\t\t\t\t<div class=\"e-con-inner\">\n\t\t\t\t<div class=\"elementor-element elementor-element-c311b29 elementor-widget elementor-widget-heading\" data-id=\"c311b29\" data-element_type=\"widget\" data-widget_type=\"heading.default\">\n\t\t\t\t<div class=\"elementor-widget-container\">\n\t\t\t\t\t<h1 class=\"elementor-heading-title elementor-size-default\">\u00dcber uns<\/h1>\t\t\t\t<\/div>\n\t\t\t\t<\/div>\n\t\t\t\t\t<\/div>\n\t\t\t\t<\/div>\n\t\t\t\t<\/div>\n\t\t<div class=\"elementor-element elementor-element-fb243db e-flex e-con-boxed e-con e-parent\" data-id=\"fb243db\" data-element_type=\"container\" data-settings=\"{&quot;jet_parallax_layout_list&quot;:[]}\">\n\t\t\t\t\t<div class=\"e-con-inner\">\n\t\t<div class=\"elementor-element elementor-element-81ef62d e-con-full e-flex e-con e-child\" data-id=\"81ef62d\" data-element_type=\"container\" data-settings=\"{&quot;jet_parallax_layout_list&quot;:[]}\">\n\t\t\t\t<div class=\"elementor-element elementor-element-e981412 elementor-widget elementor-widget-heading\" data-id=\"e981412\" data-element_type=\"widget\" data-widget_type=\"heading.default\">\n\t\t\t\t<div class=\"elementor-widget-container\">\n\t\t\t\t\t<h2 class=\"elementor-heading-title elementor-size-default\">Bessere Unterk\u00fcnfte f\u00fcr Studenten<\/h2>\t\t\t\t<\/div>\n\t\t\t\t<\/div>\n\t\t\t\t<div class=\"elementor-element elementor-element-f02f1a1 elementor-widget elementor-widget-text-editor\" data-id=\"f02f1a1\" data-element_type=\"widget\" data-widget_type=\"text-editor.default\">\n\t\t\t\t<div class=\"elementor-widget-container\">\n\t\t\t\t\t\t\t\t\t<p>Willkommen bei StudentenkamerKopen.nl, Ihrem zuverl\u00e4ssigen Partner bei der Suche nach dem perfekten Studentenzimmer. Wir sind ein engagiertes Team von Immobilienexperten mit einer gro\u00dfen Leidenschaft f\u00fcr die Verbesserung von Studentenwohnungen in den Niederlanden. Unser Ziel ist es, jedem Studenten ein sicheres, komfortables und stilvolles Zuhause w\u00e4hrend seiner Studienzeit zu bieten.<\/p>\t\t\t\t\t\t\t\t<\/div>\n\t\t\t\t<\/div>\n\t\t\t\t<div class=\"elementor-element elementor-element-2a3ebca elementor-widget elementor-widget-image\" data-id=\"2a3ebca\" data-element_type=\"widget\" data-widget_type=\"image.default\">\n\t\t\t\t<div class=\"elementor-widget-container\">\n\t\t\t\t\t\t\t\t\t\t\t\t\t\t\t<img fetchpriority=\"high\" decoding=\"async\" width=\"624\" height=\"922\" src=\"https:\/\/studentenkamerkopen.nl\/wp-content\/uploads\/2024\/06\/Screenshot-2024-06-21-at-11.21.06.png\" class=\"attachment-large size-large wp-image-293\" alt=\"\" srcset=\"https:\/\/studentenkamerkopen.nl\/wp-content\/uploads\/2024\/06\/Screenshot-2024-06-21-at-11.21.06.png 624w, https:\/\/studentenkamerkopen.nl\/wp-content\/uploads\/2024\/06\/Screenshot-2024-06-21-at-11.21.06-203x300.png 203w\" sizes=\"(max-width: 624px) 100vw, 624px\" \/>\t\t\t\t\t\t\t\t\t\t\t\t\t\t\t<\/div>\n\t\t\t\t<\/div>\n\t\t\t\t<\/div>\n\t\t<div class=\"elementor-element elementor-element-dc0d4f6 e-con-full e-flex e-con e-child\" data-id=\"dc0d4f6\" data-element_type=\"container\" data-settings=\"{&quot;jet_parallax_layout_list&quot;:[]}\">\n\t\t\t\t<div class=\"elementor-element elementor-element-bd67a91 elementor-widget elementor-widget-text-editor\" data-id=\"bd67a91\" data-element_type=\"widget\" data-widget_type=\"text-editor.default\">\n\t\t\t\t<div class=\"elementor-widget-container\">\n\t\t\t\t\t\t\t\t\t<h3>Qualit\u00e4t<\/h3>\n<p>Wir schaffen Studentenzimmer und -studios mit luxuri\u00f6ser, wohnlicher Ausstattung und moderner Einrichtung f\u00fcr unterschiedliche Budgets. Jeder Aspekt, von der Inneneinrichtung bis zu den technischen Anlagen, wird sorgf\u00e4ltig zusammengestellt, um ein hervorragendes Wohnerlebnis zu gew\u00e4hrleisten.<\/p><p><br><\/p>\n<h3>Nachhaltigkeit<\/h3>\n<p>Mit energieeffizienten Systemen, hochwertiger Isolierung und dem Fokus auf umweltfreundliche Baumaterialien tragen wir aktiv zu einer gr\u00fcneren Zukunft bei. Das reduziert nicht nur den \u00f6kologischen Fu\u00dfabdruck, sondern auch die Energiekosten f\u00fcr unsere Kunden.<\/p>\n<h3>Soziales<\/h3>\n<p>Durch die Bereitstellung von qualitativ hochwertigem Wohnraum in einem sicheren Umfeld mit Gleichgesinnten unterst\u00fctzen wir Studierende in ihrer Entwicklung und ihrem Wohlbefinden in ihrem ersten eigenst\u00e4ndigen Lebensraum. Unsere Unterk\u00fcnfte bieten Stabilit\u00e4t und Sicherheit in einer oft hektischen Lebensphase und tragen so zu ihrem Erfolg bei.<\/p>\n<h3>Sicherheit<\/h3>\n<p>Alle R\u00e4ume sind mit modernen Sicherheitsmerkmalen wie feuerfesten Materialien und intelligenten Zugangskontrollsystemen ausgestattet. Dies schafft ein sicheres Wohnumfeld, in dem sich die Bewohner schnell wohl und zu Hause f\u00fchlen k\u00f6nnen.<\/p>\n<h3>Finanziell bewusst<\/h3>\n<p>Wir bieten nicht nur Wohnraum, sondern auch eine Investitionsm\u00f6glichkeit. Unsere Studentenzimmer bieten Eltern und Kindern die M\u00f6glichkeit, durch Immobilieneigentum ein langfristiges Verm\u00f6gen aufzubauen.<\/p>\n<h3>Gemeinschaft<\/h3>\n<p>Mit unseren Smart Living-Konzepten f\u00f6rdern wir das Zusammenleben von Gleichgesinnten in einem sozial anregenden Umfeld. Dies tr\u00e4gt zur Bildung von Geselligkeit und zum pers\u00f6nlichen und beruflichen Wachstum bei.<\/p>\t\t\t\t\t\t\t\t<\/div>\n\t\t\t\t<\/div>\n\t\t\t\t<\/div>\n\t\t\t\t\t<\/div>\n\t\t\t\t<\/div>\n\t\t\t\t<\/div>","protected":false},"excerpt":{"rendered":"<p>Over ons Bouwen aan betere studentenhuisvesting Welkom bij StudentenkamerKopen.nl, uw betrouwbare partner in het vinden van de perfecte studentenkamer. Wij zijn een toegewijd team van vastgoedprofessionals met een diepe passie voor het verbeteren van studentenhuisvesting in Nederland. Ons doel is om elke student een veilig, comfortabel en stijlvol thuis te bieden tijdens hun studietijd. Kwaliteit [&hellip;]<\/p>","protected":false},"author":1,"featured_media":0,"parent":0,"menu_order":0,"comment_status":"closed","ping_status":"closed","template":"","meta":{"footnotes":""},"class_list":["post-143","page","type-page","status-publish","hentry"],"yoast_head":"<!-- This site is optimized with the Yoast SEO plugin v23.0 - https:\/\/yoast.com\/wordpress\/plugins\/seo\/ -->\n<title>Over ons - StudentenkamerKopen.nl | Inhuizen<\/title>\n<meta name=\"robots\" content=\"index, follow, max-snippet:-1, max-image-preview:large, max-video-preview:-1\" \/>\n<link rel=\"canonical\" href=\"https:\/\/studentenkamerkopen.nl\/de\/uber-uns\/\" \/>\n<meta property=\"og:locale\" content=\"de_DE\" \/>\n<meta property=\"og:type\" content=\"article\" \/>\n<meta property=\"og:title\" content=\"Over ons - StudentenkamerKopen.nl | Inhuizen\" \/>\n<meta property=\"og:description\" content=\"Over ons Bouwen aan betere studentenhuisvesting Welkom bij StudentenkamerKopen.nl, uw betrouwbare partner in het vinden van de perfecte studentenkamer. Wij zijn een toegewijd team van vastgoedprofessionals met een diepe passie voor het verbeteren van studentenhuisvesting in Nederland. Ons doel is om elke student een veilig, comfortabel en stijlvol thuis te bieden tijdens hun studietijd. Kwaliteit [&hellip;]\" \/>\n<meta property=\"og:url\" content=\"https:\/\/studentenkamerkopen.nl\/de\/uber-uns\/\" \/>\n<meta property=\"og:site_name\" content=\"StudentenkamerKopen.nl | Inhuizen\" \/>\n<meta property=\"article:modified_time\" content=\"2024-12-08T17:28:59+00:00\" \/>\n<meta property=\"og:image\" content=\"https:\/\/studentenkamerkopen.nl\/wp-content\/uploads\/2024\/06\/Screenshot-2024-06-21-at-11.21.06.png\" \/>\n<meta name=\"twitter:card\" content=\"summary_large_image\" \/>\n<meta name=\"twitter:label1\" content=\"Gesch\u00e4tzte Lesezeit\" \/>\n\t<meta name=\"twitter:data1\" content=\"2\u00a0Minuten\" \/>\n<script type=\"application\/ld+json\" class=\"yoast-schema-graph\">{\"@context\":\"https:\/\/schema.org\",\"@graph\":[{\"@type\":\"WebPage\",\"@id\":\"https:\/\/studentenkamerkopen.nl\/over-ons\/\",\"url\":\"https:\/\/studentenkamerkopen.nl\/over-ons\/\",\"name\":\"Over ons - StudentenkamerKopen.nl | Inhuizen\",\"isPartOf\":{\"@id\":\"https:\/\/studentenkamerkopen.nl\/#website\"},\"primaryImageOfPage\":{\"@id\":\"https:\/\/studentenkamerkopen.nl\/over-ons\/#primaryimage\"},\"image\":{\"@id\":\"https:\/\/studentenkamerkopen.nl\/over-ons\/#primaryimage\"},\"thumbnailUrl\":\"https:\/\/studentenkamerkopen.nl\/wp-content\/uploads\/2024\/06\/Screenshot-2024-06-21-at-11.21.06.png\",\"datePublished\":\"2024-06-19T09:54:24+00:00\",\"dateModified\":\"2024-12-08T17:28:59+00:00\",\"breadcrumb\":{\"@id\":\"https:\/\/studentenkamerkopen.nl\/over-ons\/#breadcrumb\"},\"inLanguage\":\"de\",\"potentialAction\":[{\"@type\":\"ReadAction\",\"target\":[\"https:\/\/studentenkamerkopen.nl\/over-ons\/\"]}]},{\"@type\":\"ImageObject\",\"inLanguage\":\"de\",\"@id\":\"https:\/\/studentenkamerkopen.nl\/over-ons\/#primaryimage\",\"url\":\"https:\/\/studentenkamerkopen.nl\/wp-content\/uploads\/2024\/06\/Screenshot-2024-06-21-at-11.21.06.png\",\"contentUrl\":\"https:\/\/studentenkamerkopen.nl\/wp-content\/uploads\/2024\/06\/Screenshot-2024-06-21-at-11.21.06.png\"},{\"@type\":\"BreadcrumbList\",\"@id\":\"https:\/\/studentenkamerkopen.nl\/over-ons\/#breadcrumb\",\"itemListElement\":[{\"@type\":\"ListItem\",\"position\":1,\"name\":\"Home\",\"item\":\"https:\/\/studentenkamerkopen.nl\/\"},{\"@type\":\"ListItem\",\"position\":2,\"name\":\"Over ons\"}]},{\"@type\":\"WebSite\",\"@id\":\"https:\/\/studentenkamerkopen.nl\/#website\",\"url\":\"https:\/\/studentenkamerkopen.nl\/\",\"name\":\"StudentenkamerKopen.nl | Inhuizen\",\"description\":\"\",\"publisher\":{\"@id\":\"https:\/\/studentenkamerkopen.nl\/#organization\"},\"potentialAction\":[{\"@type\":\"SearchAction\",\"target\":{\"@type\":\"EntryPoint\",\"urlTemplate\":\"https:\/\/studentenkamerkopen.nl\/?s={search_term_string}\"},\"query-input\":\"required name=search_term_string\"}],\"inLanguage\":\"de\"},{\"@type\":\"Organization\",\"@id\":\"https:\/\/studentenkamerkopen.nl\/#organization\",\"name\":\"StudentenkamerKopen.nl | Inhuizen\",\"url\":\"https:\/\/studentenkamerkopen.nl\/\",\"logo\":{\"@type\":\"ImageObject\",\"inLanguage\":\"de\",\"@id\":\"https:\/\/studentenkamerkopen.nl\/#\/schema\/logo\/image\/\",\"url\":\"https:\/\/studentenkamerkopen.nl\/wp-content\/uploads\/2024\/06\/StudentenkamerKopen.nl-5.png\",\"contentUrl\":\"https:\/\/studentenkamerkopen.nl\/wp-content\/uploads\/2024\/06\/StudentenkamerKopen.nl-5.png\",\"width\":1000,\"height\":150,\"caption\":\"StudentenkamerKopen.nl | Inhuizen\"},\"image\":{\"@id\":\"https:\/\/studentenkamerkopen.nl\/#\/schema\/logo\/image\/\"}}]}<\/script>\n<!-- \/ Yoast SEO plugin. -->","yoast_head_json":{"title":"\u00dcber uns - StudentenkamerKopen.nl | Einziehen","robots":{"index":"index","follow":"follow","max-snippet":"max-snippet:-1","max-image-preview":"max-image-preview:large","max-video-preview":"max-video-preview:-1"},"canonical":"https:\/\/studentenkamerkopen.nl\/de\/uber-uns\/","og_locale":"de_DE","og_type":"article","og_title":"Over ons - StudentenkamerKopen.nl | Inhuizen","og_description":"Over ons Bouwen aan betere studentenhuisvesting Welkom bij StudentenkamerKopen.nl, uw betrouwbare partner in het vinden van de perfecte studentenkamer. Wij zijn een toegewijd team van vastgoedprofessionals met een diepe passie voor het verbeteren van studentenhuisvesting in Nederland. Ons doel is om elke student een veilig, comfortabel en stijlvol thuis te bieden tijdens hun studietijd. Kwaliteit [&hellip;]","og_url":"https:\/\/studentenkamerkopen.nl\/de\/uber-uns\/","og_site_name":"StudentenkamerKopen.nl | Inhuizen","article_modified_time":"2024-12-08T17:28:59+00:00","og_image":[{"url":"https:\/\/studentenkamerkopen.nl\/wp-content\/uploads\/2024\/06\/Screenshot-2024-06-21-at-11.21.06.png"}],"twitter_card":"summary_large_image","twitter_misc":{"Gesch\u00e4tzte Lesezeit":"2\u00a0Minuten"},"schema":{"@context":"https:\/\/schema.org","@graph":[{"@type":"WebPage","@id":"https:\/\/studentenkamerkopen.nl\/over-ons\/","url":"https:\/\/studentenkamerkopen.nl\/over-ons\/","name":"\u00dcber uns - StudentenkamerKopen.nl | Einziehen","isPartOf":{"@id":"https:\/\/studentenkamerkopen.nl\/#website"},"primaryImageOfPage":{"@id":"https:\/\/studentenkamerkopen.nl\/over-ons\/#primaryimage"},"image":{"@id":"https:\/\/studentenkamerkopen.nl\/over-ons\/#primaryimage"},"thumbnailUrl":"https:\/\/studentenkamerkopen.nl\/wp-content\/uploads\/2024\/06\/Screenshot-2024-06-21-at-11.21.06.png","datePublished":"2024-06-19T09:54:24+00:00","dateModified":"2024-12-08T17:28:59+00:00","breadcrumb":{"@id":"https:\/\/studentenkamerkopen.nl\/over-ons\/#breadcrumb"},"inLanguage":"de","potentialAction":[{"@type":"ReadAction","target":["https:\/\/studentenkamerkopen.nl\/over-ons\/"]}]},{"@type":"ImageObject","inLanguage":"de","@id":"https:\/\/studentenkamerkopen.nl\/over-ons\/#primaryimage","url":"https:\/\/studentenkamerkopen.nl\/wp-content\/uploads\/2024\/06\/Screenshot-2024-06-21-at-11.21.06.png","contentUrl":"https:\/\/studentenkamerkopen.nl\/wp-content\/uploads\/2024\/06\/Screenshot-2024-06-21-at-11.21.06.png"},{"@type":"BreadcrumbList","@id":"https:\/\/studentenkamerkopen.nl\/over-ons\/#breadcrumb","itemListElement":[{"@type":"ListItem","position":1,"name":"Home","item":"https:\/\/studentenkamerkopen.nl\/"},{"@type":"ListItem","position":2,"name":"Over ons"}]},{"@type":"WebSite","@id":"https:\/\/studentenkamerkopen.nl\/#website","url":"https:\/\/studentenkamerkopen.nl\/","name":"StudentenkamerKopen.nl | Einzug","description":"","publisher":{"@id":"https:\/\/studentenkamerkopen.nl\/#organization"},"potentialAction":[{"@type":"SearchAction","target":{"@type":"EntryPoint","urlTemplate":"https:\/\/studentenkamerkopen.nl\/?s={search_term_string}"},"query-input":"required name=search_term_string"}],"inLanguage":"de"},{"@type":"Organization","@id":"https:\/\/studentenkamerkopen.nl\/#organization","name":"StudentenkamerKopen.nl | Einzug","url":"https:\/\/studentenkamerkopen.nl\/","logo":{"@type":"ImageObject","inLanguage":"de","@id":"https:\/\/studentenkamerkopen.nl\/#\/schema\/logo\/image\/","url":"https:\/\/studentenkamerkopen.nl\/wp-content\/uploads\/2024\/06\/StudentenkamerKopen.nl-5.png","contentUrl":"https:\/\/studentenkamerkopen.nl\/wp-content\/uploads\/2024\/06\/StudentenkamerKopen.nl-5.png","width":1000,"height":150,"caption":"StudentenkamerKopen.nl | Inhuizen"},"image":{"@id":"https:\/\/studentenkamerkopen.nl\/#\/schema\/logo\/image\/"}}]}},"_links":{"self":[{"href":"https:\/\/studentenkamerkopen.nl\/de\/wp-json\/wp\/v2\/pages\/143","targetHints":{"allow":["GET"]}}],"collection":[{"href":"https:\/\/studentenkamerkopen.nl\/de\/wp-json\/wp\/v2\/pages"}],"about":[{"href":"https:\/\/studentenkamerkopen.nl\/de\/wp-json\/wp\/v2\/types\/page"}],"author":[{"embeddable":true,"href":"https:\/\/studentenkamerkopen.nl\/de\/wp-json\/wp\/v2\/users\/1"}],"replies":[{"embeddable":true,"href":"https:\/\/studentenkamerkopen.nl\/de\/wp-json\/wp\/v2\/comments?post=143"}],"version-history":[{"count":25,"href":"https:\/\/studentenkamerkopen.nl\/de\/wp-json\/wp\/v2\/pages\/143\/revisions"}],"predecessor-version":[{"id":1127,"href":"https:\/\/studentenkamerkopen.nl\/de\/wp-json\/wp\/v2\/pages\/143\/revisions\/1127"}],"wp:attachment":[{"href":"https:\/\/studentenkamerkopen.nl\/de\/wp-json\/wp\/v2\/media?parent=143"}],"curies":[{"name":"wp","href":"https:\/\/api.w.org\/{rel}","templated":true}]}}