{"id":143,"date":"2024-06-19T09:54:24","date_gmt":"2024-06-19T09:54:24","guid":{"rendered":"https:\/\/studentenkamerkopen.nl\/?page_id=143"},"modified":"2024-12-08T17:28:59","modified_gmt":"2024-12-08T17:28:59","slug":"over-ons","status":"publish","type":"page","link":"https:\/\/studentenkamerkopen.nl\/fr\/over-ons\/","title":{"rendered":"A propos de nous"},"content":{"rendered":"<div data-elementor-type=\"wp-page\" data-elementor-id=\"143\" class=\"elementor elementor-143\" data-elementor-post-type=\"page\">\n\t\t\t\t<div class=\"elementor-element elementor-element-8d38e00 e-con-full e-flex e-con e-parent\" data-id=\"8d38e00\" data-element_type=\"container\" data-settings=\"{&quot;jet_parallax_layout_list&quot;:[]}\">\n\t\t<div class=\"elementor-element elementor-element-01e1f37 e-flex e-con-boxed e-con e-child\" data-id=\"01e1f37\" data-element_type=\"container\" data-settings=\"{&quot;jet_parallax_layout_list&quot;:[]}\">\n\t\t\t\t\t<div class=\"e-con-inner\">\n\t\t\t\t<div class=\"elementor-element elementor-element-c311b29 elementor-widget elementor-widget-heading\" data-id=\"c311b29\" data-element_type=\"widget\" data-widget_type=\"heading.default\">\n\t\t\t\t<div class=\"elementor-widget-container\">\n\t\t\t\t\t<h1 class=\"elementor-heading-title elementor-size-default\">A propos de nous<\/h1>\t\t\t\t<\/div>\n\t\t\t\t<\/div>\n\t\t\t\t\t<\/div>\n\t\t\t\t<\/div>\n\t\t\t\t<\/div>\n\t\t<div class=\"elementor-element elementor-element-fb243db e-flex e-con-boxed e-con e-parent\" data-id=\"fb243db\" data-element_type=\"container\" data-settings=\"{&quot;jet_parallax_layout_list&quot;:[]}\">\n\t\t\t\t\t<div class=\"e-con-inner\">\n\t\t<div class=\"elementor-element elementor-element-81ef62d e-con-full e-flex e-con e-child\" data-id=\"81ef62d\" data-element_type=\"container\" data-settings=\"{&quot;jet_parallax_layout_list&quot;:[]}\">\n\t\t\t\t<div class=\"elementor-element elementor-element-e981412 elementor-widget elementor-widget-heading\" data-id=\"e981412\" data-element_type=\"widget\" data-widget_type=\"heading.default\">\n\t\t\t\t<div class=\"elementor-widget-container\">\n\t\t\t\t\t<h2 class=\"elementor-heading-title elementor-size-default\">Construire de meilleurs logements pour les \u00e9tudiants<\/h2>\t\t\t\t<\/div>\n\t\t\t\t<\/div>\n\t\t\t\t<div class=\"elementor-element elementor-element-f02f1a1 elementor-widget elementor-widget-text-editor\" data-id=\"f02f1a1\" data-element_type=\"widget\" data-widget_type=\"text-editor.default\">\n\t\t\t\t<div class=\"elementor-widget-container\">\n\t\t\t\t\t\t\t\t\t<p>Bienvenue sur StudentenkamerKopen.nl, votre partenaire fiable pour trouver la chambre d'\u00e9tudiant id\u00e9ale. Nous sommes une \u00e9quipe d\u00e9vou\u00e9e de professionnels de l'immobilier, passionn\u00e9s par l'am\u00e9lioration du logement \u00e9tudiant aux Pays-Bas. Notre objectif est d'offrir \u00e0 chaque \u00e9tudiant un logement s\u00fbr, confortable et \u00e9l\u00e9gant pendant ses \u00e9tudes.<\/p>\t\t\t\t\t\t\t\t<\/div>\n\t\t\t\t<\/div>\n\t\t\t\t<div class=\"elementor-element elementor-element-2a3ebca elementor-widget elementor-widget-image\" data-id=\"2a3ebca\" data-element_type=\"widget\" data-widget_type=\"image.default\">\n\t\t\t\t<div class=\"elementor-widget-container\">\n\t\t\t\t\t\t\t\t\t\t\t\t\t\t\t<img fetchpriority=\"high\" decoding=\"async\" width=\"624\" height=\"922\" src=\"https:\/\/studentenkamerkopen.nl\/wp-content\/uploads\/2024\/06\/Screenshot-2024-06-21-at-11.21.06.png\" class=\"attachment-large size-large wp-image-293\" alt=\"\" srcset=\"https:\/\/studentenkamerkopen.nl\/wp-content\/uploads\/2024\/06\/Screenshot-2024-06-21-at-11.21.06.png 624w, https:\/\/studentenkamerkopen.nl\/wp-content\/uploads\/2024\/06\/Screenshot-2024-06-21-at-11.21.06-203x300.png 203w\" sizes=\"(max-width: 624px) 100vw, 624px\" \/>\t\t\t\t\t\t\t\t\t\t\t\t\t\t\t<\/div>\n\t\t\t\t<\/div>\n\t\t\t\t<\/div>\n\t\t<div class=\"elementor-element elementor-element-dc0d4f6 e-con-full e-flex e-con e-child\" data-id=\"dc0d4f6\" data-element_type=\"container\" data-settings=\"{&quot;jet_parallax_layout_list&quot;:[]}\">\n\t\t\t\t<div class=\"elementor-element elementor-element-bd67a91 elementor-widget elementor-widget-text-editor\" data-id=\"bd67a91\" data-element_type=\"widget\" data-widget_type=\"text-editor.default\">\n\t\t\t\t<div class=\"elementor-widget-container\">\n\t\t\t\t\t\t\t\t\t<h3>Qualit\u00e9<\/h3>\n<p>Nous cr\u00e9ons des chambres d'\u00e9tudiants et des studios avec des finitions luxueuses et accueillantes et des \u00e9quipements modernes pour diff\u00e9rents budgets. Chaque aspect, de la d\u00e9coration int\u00e9rieure aux installations techniques, est soigneusement mis en place pour garantir une excellente exp\u00e9rience de vie.<\/p><p><br><\/p>\n<h3>Durabilit\u00e9<\/h3>\n<p>Gr\u00e2ce \u00e0 des syst\u00e8mes \u00e0 haut rendement \u00e9nerg\u00e9tique, \u00e0 une isolation de haute qualit\u00e9 et \u00e0 des mat\u00e9riaux de construction respectueux de l'environnement, nous contribuons activement \u00e0 un avenir plus vert. Cela permet non seulement de r\u00e9duire l'empreinte \u00e9cologique, mais aussi les co\u00fbts \u00e9nerg\u00e9tiques pour nos clients.<\/p>\n<h3>Social<\/h3>\n<p>En fournissant un logement de qualit\u00e9 dans un environnement s\u00fbr avec des personnes partageant les m\u00eames id\u00e9es, nous aidons les \u00e9tudiants \u00e0 se d\u00e9velopper et \u00e0 se sentir bien dans leur premier lieu de vie ind\u00e9pendant. Nos logements leur apportent stabilit\u00e9 et tranquillit\u00e9 d'esprit \u00e0 un moment de leur vie o\u00f9 ils sont souvent tr\u00e8s occup\u00e9s, ce qui contribue \u00e0 leur r\u00e9ussite.<\/p>\n<h3>S\u00e9curit\u00e9<\/h3>\n<p>Toutes les chambres sont \u00e9quip\u00e9es de dispositifs de s\u00e9curit\u00e9 modernes tels que des mat\u00e9riaux ignifuges et des syst\u00e8mes de contr\u00f4le d'acc\u00e8s intelligents. Cela cr\u00e9e un environnement de vie s\u00fbr o\u00f9 les r\u00e9sidents peuvent rapidement se sentir \u00e0 l'aise et chez eux.<\/p>\n<h3>Conscience financi\u00e8re<\/h3>\n<p>Nous offrons non seulement un logement mais aussi une opportunit\u00e9 d'investissement. Nos chambres d'\u00e9tudiants permettent aux parents et aux enfants de se constituer un patrimoine \u00e0 long terme en devenant propri\u00e9taires.<\/p>\n<h3>Communaut\u00e9<\/h3>\n<p>Avec nos concepts Smart Living, nous encourageons la cohabitation d'individus partageant les m\u00eames id\u00e9es dans un environnement socialement stimulant. Cela contribue \u00e0 la formation de la sociabilit\u00e9 et \u00e0 l'\u00e9panouissement personnel et professionnel.<\/p>\t\t\t\t\t\t\t\t<\/div>\n\t\t\t\t<\/div>\n\t\t\t\t<\/div>\n\t\t\t\t\t<\/div>\n\t\t\t\t<\/div>\n\t\t\t\t<\/div>","protected":false},"excerpt":{"rendered":"<p>\u00c0 propos de nous Construire un meilleur logement \u00e9tudiant Bienvenue sur StudentenkamerKopen.nl, votre partenaire de confiance pour trouver la chambre d'\u00e9tudiant id\u00e9ale. Nous sommes une \u00e9quipe d\u00e9vou\u00e9e de professionnels de l'immobilier, passionn\u00e9s par l'am\u00e9lioration du logement \u00e9tudiant aux Pays-Bas. Notre objectif est de fournir \u00e0 chaque \u00e9tudiant une maison s\u00fbre, confortable et \u00e9l\u00e9gante pendant ses \u00e9tudes. Qualit\u00e9 [...]<\/p>","protected":false},"author":1,"featured_media":0,"parent":0,"menu_order":0,"comment_status":"closed","ping_status":"closed","template":"","meta":{"footnotes":""},"class_list":["post-143","page","type-page","status-publish","hentry"],"yoast_head":"<!-- This site is optimized with the Yoast SEO plugin v23.0 - https:\/\/yoast.com\/wordpress\/plugins\/seo\/ -->\n<title>Over ons - StudentenkamerKopen.nl | Inhuizen<\/title>\n<meta name=\"robots\" content=\"index, follow, max-snippet:-1, max-image-preview:large, max-video-preview:-1\" \/>\n<link rel=\"canonical\" href=\"https:\/\/studentenkamerkopen.nl\/fr\/over-ons\/\" \/>\n<meta property=\"og:locale\" content=\"fr_FR\" \/>\n<meta property=\"og:type\" content=\"article\" \/>\n<meta property=\"og:title\" content=\"Over ons - StudentenkamerKopen.nl | Inhuizen\" \/>\n<meta property=\"og:description\" content=\"Over ons Bouwen aan betere studentenhuisvesting Welkom bij StudentenkamerKopen.nl, uw betrouwbare partner in het vinden van de perfecte studentenkamer. Wij zijn een toegewijd team van vastgoedprofessionals met een diepe passie voor het verbeteren van studentenhuisvesting in Nederland. Ons doel is om elke student een veilig, comfortabel en stijlvol thuis te bieden tijdens hun studietijd. Kwaliteit [&hellip;]\" \/>\n<meta property=\"og:url\" content=\"https:\/\/studentenkamerkopen.nl\/fr\/over-ons\/\" \/>\n<meta property=\"og:site_name\" content=\"StudentenkamerKopen.nl | Inhuizen\" \/>\n<meta property=\"article:modified_time\" content=\"2024-12-08T17:28:59+00:00\" \/>\n<meta property=\"og:image\" content=\"https:\/\/studentenkamerkopen.nl\/wp-content\/uploads\/2024\/06\/Screenshot-2024-06-21-at-11.21.06.png\" \/>\n<meta name=\"twitter:card\" content=\"summary_large_image\" \/>\n<meta name=\"twitter:label1\" content=\"Dur\u00e9e de lecture estim\u00e9e\" \/>\n\t<meta name=\"twitter:data1\" content=\"2 minutes\" \/>\n<script type=\"application\/ld+json\" class=\"yoast-schema-graph\">{\"@context\":\"https:\/\/schema.org\",\"@graph\":[{\"@type\":\"WebPage\",\"@id\":\"https:\/\/studentenkamerkopen.nl\/over-ons\/\",\"url\":\"https:\/\/studentenkamerkopen.nl\/over-ons\/\",\"name\":\"Over ons - StudentenkamerKopen.nl | Inhuizen\",\"isPartOf\":{\"@id\":\"https:\/\/studentenkamerkopen.nl\/#website\"},\"primaryImageOfPage\":{\"@id\":\"https:\/\/studentenkamerkopen.nl\/over-ons\/#primaryimage\"},\"image\":{\"@id\":\"https:\/\/studentenkamerkopen.nl\/over-ons\/#primaryimage\"},\"thumbnailUrl\":\"https:\/\/studentenkamerkopen.nl\/wp-content\/uploads\/2024\/06\/Screenshot-2024-06-21-at-11.21.06.png\",\"datePublished\":\"2024-06-19T09:54:24+00:00\",\"dateModified\":\"2024-12-08T17:28:59+00:00\",\"breadcrumb\":{\"@id\":\"https:\/\/studentenkamerkopen.nl\/over-ons\/#breadcrumb\"},\"inLanguage\":\"fr-FR\",\"potentialAction\":[{\"@type\":\"ReadAction\",\"target\":[\"https:\/\/studentenkamerkopen.nl\/over-ons\/\"]}]},{\"@type\":\"ImageObject\",\"inLanguage\":\"fr-FR\",\"@id\":\"https:\/\/studentenkamerkopen.nl\/over-ons\/#primaryimage\",\"url\":\"https:\/\/studentenkamerkopen.nl\/wp-content\/uploads\/2024\/06\/Screenshot-2024-06-21-at-11.21.06.png\",\"contentUrl\":\"https:\/\/studentenkamerkopen.nl\/wp-content\/uploads\/2024\/06\/Screenshot-2024-06-21-at-11.21.06.png\"},{\"@type\":\"BreadcrumbList\",\"@id\":\"https:\/\/studentenkamerkopen.nl\/over-ons\/#breadcrumb\",\"itemListElement\":[{\"@type\":\"ListItem\",\"position\":1,\"name\":\"Home\",\"item\":\"https:\/\/studentenkamerkopen.nl\/\"},{\"@type\":\"ListItem\",\"position\":2,\"name\":\"Over ons\"}]},{\"@type\":\"WebSite\",\"@id\":\"https:\/\/studentenkamerkopen.nl\/#website\",\"url\":\"https:\/\/studentenkamerkopen.nl\/\",\"name\":\"StudentenkamerKopen.nl | Inhuizen\",\"description\":\"\",\"publisher\":{\"@id\":\"https:\/\/studentenkamerkopen.nl\/#organization\"},\"potentialAction\":[{\"@type\":\"SearchAction\",\"target\":{\"@type\":\"EntryPoint\",\"urlTemplate\":\"https:\/\/studentenkamerkopen.nl\/?s={search_term_string}\"},\"query-input\":\"required name=search_term_string\"}],\"inLanguage\":\"fr-FR\"},{\"@type\":\"Organization\",\"@id\":\"https:\/\/studentenkamerkopen.nl\/#organization\",\"name\":\"StudentenkamerKopen.nl | Inhuizen\",\"url\":\"https:\/\/studentenkamerkopen.nl\/\",\"logo\":{\"@type\":\"ImageObject\",\"inLanguage\":\"fr-FR\",\"@id\":\"https:\/\/studentenkamerkopen.nl\/#\/schema\/logo\/image\/\",\"url\":\"https:\/\/studentenkamerkopen.nl\/wp-content\/uploads\/2024\/06\/StudentenkamerKopen.nl-5.png\",\"contentUrl\":\"https:\/\/studentenkamerkopen.nl\/wp-content\/uploads\/2024\/06\/StudentenkamerKopen.nl-5.png\",\"width\":1000,\"height\":150,\"caption\":\"StudentenkamerKopen.nl | Inhuizen\"},\"image\":{\"@id\":\"https:\/\/studentenkamerkopen.nl\/#\/schema\/logo\/image\/\"}}]}<\/script>\n<!-- \/ Yoast SEO plugin. -->","yoast_head_json":{"title":"Over ons - StudentenkamerKopen.nl | Inhuizen","robots":{"index":"index","follow":"follow","max-snippet":"max-snippet:-1","max-image-preview":"max-image-preview:large","max-video-preview":"max-video-preview:-1"},"canonical":"https:\/\/studentenkamerkopen.nl\/fr\/over-ons\/","og_locale":"fr_FR","og_type":"article","og_title":"Over ons - StudentenkamerKopen.nl | Inhuizen","og_description":"Over ons Bouwen aan betere studentenhuisvesting Welkom bij StudentenkamerKopen.nl, uw betrouwbare partner in het vinden van de perfecte studentenkamer. Wij zijn een toegewijd team van vastgoedprofessionals met een diepe passie voor het verbeteren van studentenhuisvesting in Nederland. Ons doel is om elke student een veilig, comfortabel en stijlvol thuis te bieden tijdens hun studietijd. Kwaliteit [&hellip;]","og_url":"https:\/\/studentenkamerkopen.nl\/fr\/over-ons\/","og_site_name":"StudentenkamerKopen.nl | Inhuizen","article_modified_time":"2024-12-08T17:28:59+00:00","og_image":[{"url":"https:\/\/studentenkamerkopen.nl\/wp-content\/uploads\/2024\/06\/Screenshot-2024-06-21-at-11.21.06.png"}],"twitter_card":"summary_large_image","twitter_misc":{"Dur\u00e9e de lecture estim\u00e9e":"2 minutes"},"schema":{"@context":"https:\/\/schema.org","@graph":[{"@type":"WebPage","@id":"https:\/\/studentenkamerkopen.nl\/over-ons\/","url":"https:\/\/studentenkamerkopen.nl\/over-ons\/","name":"Over ons - StudentenkamerKopen.nl | Inhuizen","isPartOf":{"@id":"https:\/\/studentenkamerkopen.nl\/#website"},"primaryImageOfPage":{"@id":"https:\/\/studentenkamerkopen.nl\/over-ons\/#primaryimage"},"image":{"@id":"https:\/\/studentenkamerkopen.nl\/over-ons\/#primaryimage"},"thumbnailUrl":"https:\/\/studentenkamerkopen.nl\/wp-content\/uploads\/2024\/06\/Screenshot-2024-06-21-at-11.21.06.png","datePublished":"2024-06-19T09:54:24+00:00","dateModified":"2024-12-08T17:28:59+00:00","breadcrumb":{"@id":"https:\/\/studentenkamerkopen.nl\/over-ons\/#breadcrumb"},"inLanguage":"fr-FR","potentialAction":[{"@type":"ReadAction","target":["https:\/\/studentenkamerkopen.nl\/over-ons\/"]}]},{"@type":"ImageObject","inLanguage":"fr-FR","@id":"https:\/\/studentenkamerkopen.nl\/over-ons\/#primaryimage","url":"https:\/\/studentenkamerkopen.nl\/wp-content\/uploads\/2024\/06\/Screenshot-2024-06-21-at-11.21.06.png","contentUrl":"https:\/\/studentenkamerkopen.nl\/wp-content\/uploads\/2024\/06\/Screenshot-2024-06-21-at-11.21.06.png"},{"@type":"BreadcrumbList","@id":"https:\/\/studentenkamerkopen.nl\/over-ons\/#breadcrumb","itemListElement":[{"@type":"ListItem","position":1,"name":"Home","item":"https:\/\/studentenkamerkopen.nl\/"},{"@type":"ListItem","position":2,"name":"Over ons"}]},{"@type":"WebSite","@id":"https:\/\/studentenkamerkopen.nl\/#website","url":"https:\/\/studentenkamerkopen.nl\/","name":"StudentenkamerKopen.nl | Moving in","description":"","publisher":{"@id":"https:\/\/studentenkamerkopen.nl\/#organization"},"potentialAction":[{"@type":"SearchAction","target":{"@type":"EntryPoint","urlTemplate":"https:\/\/studentenkamerkopen.nl\/?s={search_term_string}"},"query-input":"required name=search_term_string"}],"inLanguage":"fr-FR"},{"@type":"Organization","@id":"https:\/\/studentenkamerkopen.nl\/#organization","name":"StudentenkamerKopen.nl | Moving in","url":"https:\/\/studentenkamerkopen.nl\/","logo":{"@type":"ImageObject","inLanguage":"fr-FR","@id":"https:\/\/studentenkamerkopen.nl\/#\/schema\/logo\/image\/","url":"https:\/\/studentenkamerkopen.nl\/wp-content\/uploads\/2024\/06\/StudentenkamerKopen.nl-5.png","contentUrl":"https:\/\/studentenkamerkopen.nl\/wp-content\/uploads\/2024\/06\/StudentenkamerKopen.nl-5.png","width":1000,"height":150,"caption":"StudentenkamerKopen.nl | Inhuizen"},"image":{"@id":"https:\/\/studentenkamerkopen.nl\/#\/schema\/logo\/image\/"}}]}},"_links":{"self":[{"href":"https:\/\/studentenkamerkopen.nl\/fr\/wp-json\/wp\/v2\/pages\/143","targetHints":{"allow":["GET"]}}],"collection":[{"href":"https:\/\/studentenkamerkopen.nl\/fr\/wp-json\/wp\/v2\/pages"}],"about":[{"href":"https:\/\/studentenkamerkopen.nl\/fr\/wp-json\/wp\/v2\/types\/page"}],"author":[{"embeddable":true,"href":"https:\/\/studentenkamerkopen.nl\/fr\/wp-json\/wp\/v2\/users\/1"}],"replies":[{"embeddable":true,"href":"https:\/\/studentenkamerkopen.nl\/fr\/wp-json\/wp\/v2\/comments?post=143"}],"version-history":[{"count":25,"href":"https:\/\/studentenkamerkopen.nl\/fr\/wp-json\/wp\/v2\/pages\/143\/revisions"}],"predecessor-version":[{"id":1127,"href":"https:\/\/studentenkamerkopen.nl\/fr\/wp-json\/wp\/v2\/pages\/143\/revisions\/1127"}],"wp:attachment":[{"href":"https:\/\/studentenkamerkopen.nl\/fr\/wp-json\/wp\/v2\/media?parent=143"}],"curies":[{"name":"wp","href":"https:\/\/api.w.org\/{rel}","templated":true}]}}