{"id":143,"date":"2024-06-19T09:54:24","date_gmt":"2024-06-19T09:54:24","guid":{"rendered":"https:\/\/studentenkamerkopen.nl\/?page_id=143"},"modified":"2024-12-08T17:28:59","modified_gmt":"2024-12-08T17:28:59","slug":"over-ons","status":"publish","type":"page","link":"https:\/\/studentenkamerkopen.nl\/it\/over-ons\/","title":{"rendered":"Chi siamo"},"content":{"rendered":"<div data-elementor-type=\"wp-page\" data-elementor-id=\"143\" class=\"elementor elementor-143\" data-elementor-post-type=\"page\">\n\t\t\t\t<div class=\"elementor-element elementor-element-8d38e00 e-con-full e-flex e-con e-parent\" data-id=\"8d38e00\" data-element_type=\"container\" data-settings=\"{&quot;jet_parallax_layout_list&quot;:[]}\">\n\t\t<div class=\"elementor-element elementor-element-01e1f37 e-flex e-con-boxed e-con e-child\" data-id=\"01e1f37\" data-element_type=\"container\" data-settings=\"{&quot;jet_parallax_layout_list&quot;:[]}\">\n\t\t\t\t\t<div class=\"e-con-inner\">\n\t\t\t\t<div class=\"elementor-element elementor-element-c311b29 elementor-widget elementor-widget-heading\" data-id=\"c311b29\" data-element_type=\"widget\" data-widget_type=\"heading.default\">\n\t\t\t\t<div class=\"elementor-widget-container\">\n\t\t\t\t\t<h1 class=\"elementor-heading-title elementor-size-default\">Chi siamo<\/h1>\t\t\t\t<\/div>\n\t\t\t\t<\/div>\n\t\t\t\t\t<\/div>\n\t\t\t\t<\/div>\n\t\t\t\t<\/div>\n\t\t<div class=\"elementor-element elementor-element-fb243db e-flex e-con-boxed e-con e-parent\" data-id=\"fb243db\" data-element_type=\"container\" data-settings=\"{&quot;jet_parallax_layout_list&quot;:[]}\">\n\t\t\t\t\t<div class=\"e-con-inner\">\n\t\t<div class=\"elementor-element elementor-element-81ef62d e-con-full e-flex e-con e-child\" data-id=\"81ef62d\" data-element_type=\"container\" data-settings=\"{&quot;jet_parallax_layout_list&quot;:[]}\">\n\t\t\t\t<div class=\"elementor-element elementor-element-e981412 elementor-widget elementor-widget-heading\" data-id=\"e981412\" data-element_type=\"widget\" data-widget_type=\"heading.default\">\n\t\t\t\t<div class=\"elementor-widget-container\">\n\t\t\t\t\t<h2 class=\"elementor-heading-title elementor-size-default\">Costruire alloggi migliori per gli studenti<\/h2>\t\t\t\t<\/div>\n\t\t\t\t<\/div>\n\t\t\t\t<div class=\"elementor-element elementor-element-f02f1a1 elementor-widget elementor-widget-text-editor\" data-id=\"f02f1a1\" data-element_type=\"widget\" data-widget_type=\"text-editor.default\">\n\t\t\t\t<div class=\"elementor-widget-container\">\n\t\t\t\t\t\t\t\t\t<p>Benvenuti su StudentenkamerKopen.nl, il vostro partner affidabile per trovare la stanza perfetta per gli studenti. Siamo un team dedicato di professionisti del settore immobiliare con una profonda passione per il miglioramento degli alloggi per studenti nei Paesi Bassi. Il nostro obiettivo \u00e8 fornire a ogni studente una casa sicura, confortevole ed elegante durante il periodo di studio.<\/p>\t\t\t\t\t\t\t\t<\/div>\n\t\t\t\t<\/div>\n\t\t\t\t<div class=\"elementor-element elementor-element-2a3ebca elementor-widget elementor-widget-image\" data-id=\"2a3ebca\" data-element_type=\"widget\" data-widget_type=\"image.default\">\n\t\t\t\t<div class=\"elementor-widget-container\">\n\t\t\t\t\t\t\t\t\t\t\t\t\t\t\t<img fetchpriority=\"high\" decoding=\"async\" width=\"624\" height=\"922\" src=\"https:\/\/studentenkamerkopen.nl\/wp-content\/uploads\/2024\/06\/Screenshot-2024-06-21-at-11.21.06.png\" class=\"attachment-large size-large wp-image-293\" alt=\"\" srcset=\"https:\/\/studentenkamerkopen.nl\/wp-content\/uploads\/2024\/06\/Screenshot-2024-06-21-at-11.21.06.png 624w, https:\/\/studentenkamerkopen.nl\/wp-content\/uploads\/2024\/06\/Screenshot-2024-06-21-at-11.21.06-203x300.png 203w\" sizes=\"(max-width: 624px) 100vw, 624px\" \/>\t\t\t\t\t\t\t\t\t\t\t\t\t\t\t<\/div>\n\t\t\t\t<\/div>\n\t\t\t\t<\/div>\n\t\t<div class=\"elementor-element elementor-element-dc0d4f6 e-con-full e-flex e-con e-child\" data-id=\"dc0d4f6\" data-element_type=\"container\" data-settings=\"{&quot;jet_parallax_layout_list&quot;:[]}\">\n\t\t\t\t<div class=\"elementor-element elementor-element-bd67a91 elementor-widget elementor-widget-text-editor\" data-id=\"bd67a91\" data-element_type=\"widget\" data-widget_type=\"text-editor.default\">\n\t\t\t\t<div class=\"elementor-widget-container\">\n\t\t\t\t\t\t\t\t\t<h3>Qualit\u00e0<\/h3>\n<p>Creiamo camere e monolocali per studenti con finiture lussuose e accoglienti e servizi moderni per diversi budget. Ogni aspetto, dal design degli interni alle installazioni tecniche, \u00e8 curato nei minimi dettagli per garantire un'esperienza di vita eccellente.<\/p><p><br><\/p>\n<h3>Sostenibilit\u00e0<\/h3>\n<p>Con sistemi ad alta efficienza energetica, isolamento di alta qualit\u00e0 e un'attenzione particolare ai materiali da costruzione ecologici, contribuiamo attivamente a un futuro pi\u00f9 verde. Questo non solo riduce l'impronta ecologica, ma anche i costi energetici per i nostri clienti.<\/p>\n<h3>Sociale<\/h3>\n<p>Fornendo alloggi di qualit\u00e0 in un ambiente sicuro e con persone che la pensano allo stesso modo, sosteniamo gli studenti nel loro sviluppo e benessere nella loro prima casa indipendente. I nostri alloggi offrono stabilit\u00e0 e tranquillit\u00e0 in una fase spesso impegnativa della vita, contribuendo al loro successo.<\/p>\n<h3>Sicurezza<\/h3>\n<p>Tutte le stanze sono dotate di dispositivi di sicurezza all'avanguardia, come materiali ignifughi e sistemi intelligenti di controllo degli accessi. Questo crea un ambiente di vita sicuro in cui i residenti possono sentirsi rapidamente a proprio agio e a casa.<\/p>\n<h3>Consapevoli dal punto di vista finanziario<\/h3>\n<p>Non offriamo solo un alloggio, ma anche un'opportunit\u00e0 di investimento. Le nostre camere per studenti sono un'opportunit\u00e0 per genitori e figli di costruire una ricchezza a lungo termine attraverso la propriet\u00e0 di un immobile.<\/p>\n<h3>Comunit\u00e0<\/h3>\n<p>Con i nostri concetti di Smart Living, promuoviamo la coabitazione di persone che la pensano allo stesso modo in un ambiente socialmente stimolante. Questo contribuisce a formare la socievolezza e la crescita personale e professionale.<\/p>\t\t\t\t\t\t\t\t<\/div>\n\t\t\t\t<\/div>\n\t\t\t\t<\/div>\n\t\t\t\t\t<\/div>\n\t\t\t\t<\/div>\n\t\t\t\t<\/div>","protected":false},"excerpt":{"rendered":"<p>Over ons Bouwen aan betere studentenhuisvesting Welkom bij StudentenkamerKopen.nl, uw betrouwbare partner in het vinden van de perfecte studentenkamer. Wij zijn een toegewijd team van vastgoedprofessionals met een diepe passie voor het verbeteren van studentenhuisvesting in Nederland. Ons doel is om elke student een veilig, comfortabel en stijlvol thuis te bieden tijdens hun studietijd. Kwaliteit [&hellip;]<\/p>","protected":false},"author":1,"featured_media":0,"parent":0,"menu_order":0,"comment_status":"closed","ping_status":"closed","template":"","meta":{"footnotes":""},"class_list":["post-143","page","type-page","status-publish","hentry"],"yoast_head":"<!-- This site is optimized with the Yoast SEO plugin v23.0 - https:\/\/yoast.com\/wordpress\/plugins\/seo\/ -->\n<title>Over ons - StudentenkamerKopen.nl | Inhuizen<\/title>\n<meta name=\"robots\" content=\"index, follow, max-snippet:-1, max-image-preview:large, max-video-preview:-1\" \/>\n<link rel=\"canonical\" href=\"https:\/\/studentenkamerkopen.nl\/it\/over-ons\/\" \/>\n<meta property=\"og:locale\" content=\"it_IT\" \/>\n<meta property=\"og:type\" content=\"article\" \/>\n<meta property=\"og:title\" content=\"Over ons - StudentenkamerKopen.nl | Inhuizen\" \/>\n<meta property=\"og:description\" content=\"Over ons Bouwen aan betere studentenhuisvesting Welkom bij StudentenkamerKopen.nl, uw betrouwbare partner in het vinden van de perfecte studentenkamer. Wij zijn een toegewijd team van vastgoedprofessionals met een diepe passie voor het verbeteren van studentenhuisvesting in Nederland. Ons doel is om elke student een veilig, comfortabel en stijlvol thuis te bieden tijdens hun studietijd. Kwaliteit [&hellip;]\" \/>\n<meta property=\"og:url\" content=\"https:\/\/studentenkamerkopen.nl\/it\/over-ons\/\" \/>\n<meta property=\"og:site_name\" content=\"StudentenkamerKopen.nl | Inhuizen\" \/>\n<meta property=\"article:modified_time\" content=\"2024-12-08T17:28:59+00:00\" \/>\n<meta property=\"og:image\" content=\"https:\/\/studentenkamerkopen.nl\/wp-content\/uploads\/2024\/06\/Screenshot-2024-06-21-at-11.21.06.png\" \/>\n<meta name=\"twitter:card\" content=\"summary_large_image\" \/>\n<meta name=\"twitter:label1\" content=\"Tempo di lettura stimato\" \/>\n\t<meta name=\"twitter:data1\" content=\"2 minuti\" \/>\n<script type=\"application\/ld+json\" class=\"yoast-schema-graph\">{\"@context\":\"https:\/\/schema.org\",\"@graph\":[{\"@type\":\"WebPage\",\"@id\":\"https:\/\/studentenkamerkopen.nl\/over-ons\/\",\"url\":\"https:\/\/studentenkamerkopen.nl\/over-ons\/\",\"name\":\"Over ons - StudentenkamerKopen.nl | Inhuizen\",\"isPartOf\":{\"@id\":\"https:\/\/studentenkamerkopen.nl\/#website\"},\"primaryImageOfPage\":{\"@id\":\"https:\/\/studentenkamerkopen.nl\/over-ons\/#primaryimage\"},\"image\":{\"@id\":\"https:\/\/studentenkamerkopen.nl\/over-ons\/#primaryimage\"},\"thumbnailUrl\":\"https:\/\/studentenkamerkopen.nl\/wp-content\/uploads\/2024\/06\/Screenshot-2024-06-21-at-11.21.06.png\",\"datePublished\":\"2024-06-19T09:54:24+00:00\",\"dateModified\":\"2024-12-08T17:28:59+00:00\",\"breadcrumb\":{\"@id\":\"https:\/\/studentenkamerkopen.nl\/over-ons\/#breadcrumb\"},\"inLanguage\":\"it-IT\",\"potentialAction\":[{\"@type\":\"ReadAction\",\"target\":[\"https:\/\/studentenkamerkopen.nl\/over-ons\/\"]}]},{\"@type\":\"ImageObject\",\"inLanguage\":\"it-IT\",\"@id\":\"https:\/\/studentenkamerkopen.nl\/over-ons\/#primaryimage\",\"url\":\"https:\/\/studentenkamerkopen.nl\/wp-content\/uploads\/2024\/06\/Screenshot-2024-06-21-at-11.21.06.png\",\"contentUrl\":\"https:\/\/studentenkamerkopen.nl\/wp-content\/uploads\/2024\/06\/Screenshot-2024-06-21-at-11.21.06.png\"},{\"@type\":\"BreadcrumbList\",\"@id\":\"https:\/\/studentenkamerkopen.nl\/over-ons\/#breadcrumb\",\"itemListElement\":[{\"@type\":\"ListItem\",\"position\":1,\"name\":\"Home\",\"item\":\"https:\/\/studentenkamerkopen.nl\/\"},{\"@type\":\"ListItem\",\"position\":2,\"name\":\"Over ons\"}]},{\"@type\":\"WebSite\",\"@id\":\"https:\/\/studentenkamerkopen.nl\/#website\",\"url\":\"https:\/\/studentenkamerkopen.nl\/\",\"name\":\"StudentenkamerKopen.nl | Inhuizen\",\"description\":\"\",\"publisher\":{\"@id\":\"https:\/\/studentenkamerkopen.nl\/#organization\"},\"potentialAction\":[{\"@type\":\"SearchAction\",\"target\":{\"@type\":\"EntryPoint\",\"urlTemplate\":\"https:\/\/studentenkamerkopen.nl\/?s={search_term_string}\"},\"query-input\":\"required name=search_term_string\"}],\"inLanguage\":\"it-IT\"},{\"@type\":\"Organization\",\"@id\":\"https:\/\/studentenkamerkopen.nl\/#organization\",\"name\":\"StudentenkamerKopen.nl | Inhuizen\",\"url\":\"https:\/\/studentenkamerkopen.nl\/\",\"logo\":{\"@type\":\"ImageObject\",\"inLanguage\":\"it-IT\",\"@id\":\"https:\/\/studentenkamerkopen.nl\/#\/schema\/logo\/image\/\",\"url\":\"https:\/\/studentenkamerkopen.nl\/wp-content\/uploads\/2024\/06\/StudentenkamerKopen.nl-5.png\",\"contentUrl\":\"https:\/\/studentenkamerkopen.nl\/wp-content\/uploads\/2024\/06\/StudentenkamerKopen.nl-5.png\",\"width\":1000,\"height\":150,\"caption\":\"StudentenkamerKopen.nl | Inhuizen\"},\"image\":{\"@id\":\"https:\/\/studentenkamerkopen.nl\/#\/schema\/logo\/image\/\"}}]}<\/script>\n<!-- \/ Yoast SEO plugin. -->","yoast_head_json":{"title":"Over ons - StudentenkamerKopen.nl | Inhuizen","robots":{"index":"index","follow":"follow","max-snippet":"max-snippet:-1","max-image-preview":"max-image-preview:large","max-video-preview":"max-video-preview:-1"},"canonical":"https:\/\/studentenkamerkopen.nl\/it\/over-ons\/","og_locale":"it_IT","og_type":"article","og_title":"Over ons - StudentenkamerKopen.nl | Inhuizen","og_description":"Over ons Bouwen aan betere studentenhuisvesting Welkom bij StudentenkamerKopen.nl, uw betrouwbare partner in het vinden van de perfecte studentenkamer. Wij zijn een toegewijd team van vastgoedprofessionals met een diepe passie voor het verbeteren van studentenhuisvesting in Nederland. Ons doel is om elke student een veilig, comfortabel en stijlvol thuis te bieden tijdens hun studietijd. Kwaliteit [&hellip;]","og_url":"https:\/\/studentenkamerkopen.nl\/it\/over-ons\/","og_site_name":"StudentenkamerKopen.nl | Inhuizen","article_modified_time":"2024-12-08T17:28:59+00:00","og_image":[{"url":"https:\/\/studentenkamerkopen.nl\/wp-content\/uploads\/2024\/06\/Screenshot-2024-06-21-at-11.21.06.png"}],"twitter_card":"summary_large_image","twitter_misc":{"Tempo di lettura stimato":"2 minuti"},"schema":{"@context":"https:\/\/schema.org","@graph":[{"@type":"WebPage","@id":"https:\/\/studentenkamerkopen.nl\/over-ons\/","url":"https:\/\/studentenkamerkopen.nl\/over-ons\/","name":"Over ons - StudentenkamerKopen.nl | Inhuizen","isPartOf":{"@id":"https:\/\/studentenkamerkopen.nl\/#website"},"primaryImageOfPage":{"@id":"https:\/\/studentenkamerkopen.nl\/over-ons\/#primaryimage"},"image":{"@id":"https:\/\/studentenkamerkopen.nl\/over-ons\/#primaryimage"},"thumbnailUrl":"https:\/\/studentenkamerkopen.nl\/wp-content\/uploads\/2024\/06\/Screenshot-2024-06-21-at-11.21.06.png","datePublished":"2024-06-19T09:54:24+00:00","dateModified":"2024-12-08T17:28:59+00:00","breadcrumb":{"@id":"https:\/\/studentenkamerkopen.nl\/over-ons\/#breadcrumb"},"inLanguage":"it-IT","potentialAction":[{"@type":"ReadAction","target":["https:\/\/studentenkamerkopen.nl\/over-ons\/"]}]},{"@type":"ImageObject","inLanguage":"it-IT","@id":"https:\/\/studentenkamerkopen.nl\/over-ons\/#primaryimage","url":"https:\/\/studentenkamerkopen.nl\/wp-content\/uploads\/2024\/06\/Screenshot-2024-06-21-at-11.21.06.png","contentUrl":"https:\/\/studentenkamerkopen.nl\/wp-content\/uploads\/2024\/06\/Screenshot-2024-06-21-at-11.21.06.png"},{"@type":"BreadcrumbList","@id":"https:\/\/studentenkamerkopen.nl\/over-ons\/#breadcrumb","itemListElement":[{"@type":"ListItem","position":1,"name":"Home","item":"https:\/\/studentenkamerkopen.nl\/"},{"@type":"ListItem","position":2,"name":"Over ons"}]},{"@type":"WebSite","@id":"https:\/\/studentenkamerkopen.nl\/#website","url":"https:\/\/studentenkamerkopen.nl\/","name":"StudentenkamerKopen.nl | Trasferirsi","description":"","publisher":{"@id":"https:\/\/studentenkamerkopen.nl\/#organization"},"potentialAction":[{"@type":"SearchAction","target":{"@type":"EntryPoint","urlTemplate":"https:\/\/studentenkamerkopen.nl\/?s={search_term_string}"},"query-input":"required name=search_term_string"}],"inLanguage":"it-IT"},{"@type":"Organization","@id":"https:\/\/studentenkamerkopen.nl\/#organization","name":"StudentenkamerKopen.nl | Trasferirsi","url":"https:\/\/studentenkamerkopen.nl\/","logo":{"@type":"ImageObject","inLanguage":"it-IT","@id":"https:\/\/studentenkamerkopen.nl\/#\/schema\/logo\/image\/","url":"https:\/\/studentenkamerkopen.nl\/wp-content\/uploads\/2024\/06\/StudentenkamerKopen.nl-5.png","contentUrl":"https:\/\/studentenkamerkopen.nl\/wp-content\/uploads\/2024\/06\/StudentenkamerKopen.nl-5.png","width":1000,"height":150,"caption":"StudentenkamerKopen.nl | Inhuizen"},"image":{"@id":"https:\/\/studentenkamerkopen.nl\/#\/schema\/logo\/image\/"}}]}},"_links":{"self":[{"href":"https:\/\/studentenkamerkopen.nl\/it\/wp-json\/wp\/v2\/pages\/143","targetHints":{"allow":["GET"]}}],"collection":[{"href":"https:\/\/studentenkamerkopen.nl\/it\/wp-json\/wp\/v2\/pages"}],"about":[{"href":"https:\/\/studentenkamerkopen.nl\/it\/wp-json\/wp\/v2\/types\/page"}],"author":[{"embeddable":true,"href":"https:\/\/studentenkamerkopen.nl\/it\/wp-json\/wp\/v2\/users\/1"}],"replies":[{"embeddable":true,"href":"https:\/\/studentenkamerkopen.nl\/it\/wp-json\/wp\/v2\/comments?post=143"}],"version-history":[{"count":25,"href":"https:\/\/studentenkamerkopen.nl\/it\/wp-json\/wp\/v2\/pages\/143\/revisions"}],"predecessor-version":[{"id":1127,"href":"https:\/\/studentenkamerkopen.nl\/it\/wp-json\/wp\/v2\/pages\/143\/revisions\/1127"}],"wp:attachment":[{"href":"https:\/\/studentenkamerkopen.nl\/it\/wp-json\/wp\/v2\/media?parent=143"}],"curies":[{"name":"wp","href":"https:\/\/api.w.org\/{rel}","templated":true}]}}