{"id":143,"date":"2024-06-19T09:54:24","date_gmt":"2024-06-19T09:54:24","guid":{"rendered":"https:\/\/studentenkamerkopen.nl\/?page_id=143"},"modified":"2024-12-08T17:28:59","modified_gmt":"2024-12-08T17:28:59","slug":"over-ons","status":"publish","type":"page","link":"https:\/\/studentenkamerkopen.nl\/no\/over-ons\/","title":{"rendered":"Om oss"},"content":{"rendered":"<div data-elementor-type=\"wp-page\" data-elementor-id=\"143\" class=\"elementor elementor-143\" data-elementor-post-type=\"page\">\n\t\t\t\t<div class=\"elementor-element elementor-element-8d38e00 e-con-full e-flex e-con e-parent\" data-id=\"8d38e00\" data-element_type=\"container\" data-settings=\"{&quot;jet_parallax_layout_list&quot;:[]}\">\n\t\t<div class=\"elementor-element elementor-element-01e1f37 e-flex e-con-boxed e-con e-child\" data-id=\"01e1f37\" data-element_type=\"container\" data-settings=\"{&quot;jet_parallax_layout_list&quot;:[]}\">\n\t\t\t\t\t<div class=\"e-con-inner\">\n\t\t\t\t<div class=\"elementor-element elementor-element-c311b29 elementor-widget elementor-widget-heading\" data-id=\"c311b29\" data-element_type=\"widget\" data-widget_type=\"heading.default\">\n\t\t\t\t<div class=\"elementor-widget-container\">\n\t\t\t\t\t<h1 class=\"elementor-heading-title elementor-size-default\">Om oss<\/h1>\t\t\t\t<\/div>\n\t\t\t\t<\/div>\n\t\t\t\t\t<\/div>\n\t\t\t\t<\/div>\n\t\t\t\t<\/div>\n\t\t<div class=\"elementor-element elementor-element-fb243db e-flex e-con-boxed e-con e-parent\" data-id=\"fb243db\" data-element_type=\"container\" data-settings=\"{&quot;jet_parallax_layout_list&quot;:[]}\">\n\t\t\t\t\t<div class=\"e-con-inner\">\n\t\t<div class=\"elementor-element elementor-element-81ef62d e-con-full e-flex e-con e-child\" data-id=\"81ef62d\" data-element_type=\"container\" data-settings=\"{&quot;jet_parallax_layout_list&quot;:[]}\">\n\t\t\t\t<div class=\"elementor-element elementor-element-e981412 elementor-widget elementor-widget-heading\" data-id=\"e981412\" data-element_type=\"widget\" data-widget_type=\"heading.default\">\n\t\t\t\t<div class=\"elementor-widget-container\">\n\t\t\t\t\t<h2 class=\"elementor-heading-title elementor-size-default\">Bygge bedre studentboliger<\/h2>\t\t\t\t<\/div>\n\t\t\t\t<\/div>\n\t\t\t\t<div class=\"elementor-element elementor-element-f02f1a1 elementor-widget elementor-widget-text-editor\" data-id=\"f02f1a1\" data-element_type=\"widget\" data-widget_type=\"text-editor.default\">\n\t\t\t\t<div class=\"elementor-widget-container\">\n\t\t\t\t\t\t\t\t\t<p>Velkommen til StudentenkamerKopen.nl, din p\u00e5litelige partner n\u00e5r du skal finne det perfekte studentrommet. Vi er et dedikert team av eiendomsmeglere med en dyp lidenskap for \u00e5 forbedre studentboliger i Nederland. V\u00e5rt m\u00e5l er \u00e5 gi alle studenter et trygt, komfortabelt og stilig hjem i l\u00f8pet av studietiden.<\/p>\t\t\t\t\t\t\t\t<\/div>\n\t\t\t\t<\/div>\n\t\t\t\t<div class=\"elementor-element elementor-element-2a3ebca elementor-widget elementor-widget-image\" data-id=\"2a3ebca\" data-element_type=\"widget\" data-widget_type=\"image.default\">\n\t\t\t\t<div class=\"elementor-widget-container\">\n\t\t\t\t\t\t\t\t\t\t\t\t\t\t\t<img fetchpriority=\"high\" decoding=\"async\" width=\"624\" height=\"922\" src=\"https:\/\/studentenkamerkopen.nl\/wp-content\/uploads\/2024\/06\/Screenshot-2024-06-21-at-11.21.06.png\" class=\"attachment-large size-large wp-image-293\" alt=\"\" srcset=\"https:\/\/studentenkamerkopen.nl\/wp-content\/uploads\/2024\/06\/Screenshot-2024-06-21-at-11.21.06.png 624w, https:\/\/studentenkamerkopen.nl\/wp-content\/uploads\/2024\/06\/Screenshot-2024-06-21-at-11.21.06-203x300.png 203w\" sizes=\"(max-width: 624px) 100vw, 624px\" \/>\t\t\t\t\t\t\t\t\t\t\t\t\t\t\t<\/div>\n\t\t\t\t<\/div>\n\t\t\t\t<\/div>\n\t\t<div class=\"elementor-element elementor-element-dc0d4f6 e-con-full e-flex e-con e-child\" data-id=\"dc0d4f6\" data-element_type=\"container\" data-settings=\"{&quot;jet_parallax_layout_list&quot;:[]}\">\n\t\t\t\t<div class=\"elementor-element elementor-element-bd67a91 elementor-widget elementor-widget-text-editor\" data-id=\"bd67a91\" data-element_type=\"widget\" data-widget_type=\"text-editor.default\">\n\t\t\t\t<div class=\"elementor-widget-container\">\n\t\t\t\t\t\t\t\t\t<h3>Kvalitet<\/h3>\n<p>Vi skaper studentrom og studioer med luksuri\u00f8s, hjemmekoselig finish og moderne fasiliteter for ulike budsjetter. Alt fra interi\u00f8rdesign til tekniske installasjoner er n\u00f8ye gjennomtenkt for \u00e5 sikre en utmerket boopplevelse.<\/p><p><br><\/p>\n<h3>B\u00e6rekraft<\/h3>\n<p>Med energieffektive systemer, isolasjon av h\u00f8y kvalitet og fokus p\u00e5 milj\u00f8vennlige byggematerialer bidrar vi aktivt til en gr\u00f8nnere fremtid. Dette reduserer ikke bare det \u00f8kologiske fotavtrykket, men ogs\u00e5 energikostnadene for kundene v\u00e5re.<\/p>\n<h3>Sosialt<\/h3>\n<p>Ved \u00e5 tilby kvalitetsboliger i et trygt milj\u00f8 med likesinnede st\u00f8tter vi studentene i deres utvikling og trivsel i deres f\u00f8rste selvstendige bolig. Boligene v\u00e5re gir stabilitet og trygghet i en ofte hektisk fase av livet, og bidrar til at de lykkes.<\/p>\n<h3>Sikkerhet<\/h3>\n<p>Alle rommene er utstyrt med moderne sikkerhetsfunksjoner som brannsikre materialer og smarte adgangskontrollsystemer. Dette skaper et trygt bomilj\u00f8 der beboerne raskt kan f\u00f8le seg trygge og hjemme.<\/p>\n<h3>\u00d8konomisk bevisst<\/h3>\n<p>Vi tilbyr ikke bare bolig, men ogs\u00e5 en investeringsmulighet. Studentrommene v\u00e5re er en mulighet for foreldre og barn til \u00e5 bygge opp en langsiktig formue gjennom eierskap av eiendom.<\/p>\n<h3>Fellesskapet<\/h3>\n<p>Med v\u00e5re Smart Living-konsepter fremmer vi samliv mellom likesinnede i et sosialt stimulerende milj\u00f8. Dette bidrar til \u00e5 skape sosialt fellesskap og personlig og faglig vekst.<\/p>\t\t\t\t\t\t\t\t<\/div>\n\t\t\t\t<\/div>\n\t\t\t\t<\/div>\n\t\t\t\t\t<\/div>\n\t\t\t\t<\/div>\n\t\t\t\t<\/div>","protected":false},"excerpt":{"rendered":"<p>Over ons Bouwen aan betere studentenhuisvesting Welkom bij StudentenkamerKopen.nl, uw betrouwbare partner in het vinden van de perfecte studentenkamer. Wij zijn een toegewijd team van vastgoedprofessionals met een diepe passie voor het verbeteren van studentenhuisvesting in Nederland. Ons doel is om elke student een veilig, comfortabel en stijlvol thuis te bieden tijdens hun studietijd. Kwaliteit [&hellip;]<\/p>","protected":false},"author":1,"featured_media":0,"parent":0,"menu_order":0,"comment_status":"closed","ping_status":"closed","template":"","meta":{"footnotes":""},"class_list":["post-143","page","type-page","status-publish","hentry"],"yoast_head":"<!-- This site is optimized with the Yoast SEO plugin v23.0 - https:\/\/yoast.com\/wordpress\/plugins\/seo\/ -->\n<title>Over ons - StudentenkamerKopen.nl | Inhuizen<\/title>\n<meta name=\"robots\" content=\"index, follow, max-snippet:-1, max-image-preview:large, max-video-preview:-1\" \/>\n<link rel=\"canonical\" href=\"https:\/\/studentenkamerkopen.nl\/no\/over-ons\/\" \/>\n<meta property=\"og:locale\" content=\"nb_NO\" \/>\n<meta property=\"og:type\" content=\"article\" \/>\n<meta property=\"og:title\" content=\"Over ons - StudentenkamerKopen.nl | Inhuizen\" \/>\n<meta property=\"og:description\" content=\"Over ons Bouwen aan betere studentenhuisvesting Welkom bij StudentenkamerKopen.nl, uw betrouwbare partner in het vinden van de perfecte studentenkamer. Wij zijn een toegewijd team van vastgoedprofessionals met een diepe passie voor het verbeteren van studentenhuisvesting in Nederland. Ons doel is om elke student een veilig, comfortabel en stijlvol thuis te bieden tijdens hun studietijd. Kwaliteit [&hellip;]\" \/>\n<meta property=\"og:url\" content=\"https:\/\/studentenkamerkopen.nl\/no\/over-ons\/\" \/>\n<meta property=\"og:site_name\" content=\"StudentenkamerKopen.nl | Inhuizen\" \/>\n<meta property=\"article:modified_time\" content=\"2024-12-08T17:28:59+00:00\" \/>\n<meta property=\"og:image\" content=\"https:\/\/studentenkamerkopen.nl\/wp-content\/uploads\/2024\/06\/Screenshot-2024-06-21-at-11.21.06.png\" \/>\n<meta name=\"twitter:card\" content=\"summary_large_image\" \/>\n<meta name=\"twitter:label1\" content=\"Ansl. lesetid\" \/>\n\t<meta name=\"twitter:data1\" content=\"2 minutter\" \/>\n<script type=\"application\/ld+json\" class=\"yoast-schema-graph\">{\"@context\":\"https:\/\/schema.org\",\"@graph\":[{\"@type\":\"WebPage\",\"@id\":\"https:\/\/studentenkamerkopen.nl\/over-ons\/\",\"url\":\"https:\/\/studentenkamerkopen.nl\/over-ons\/\",\"name\":\"Over ons - StudentenkamerKopen.nl | Inhuizen\",\"isPartOf\":{\"@id\":\"https:\/\/studentenkamerkopen.nl\/#website\"},\"primaryImageOfPage\":{\"@id\":\"https:\/\/studentenkamerkopen.nl\/over-ons\/#primaryimage\"},\"image\":{\"@id\":\"https:\/\/studentenkamerkopen.nl\/over-ons\/#primaryimage\"},\"thumbnailUrl\":\"https:\/\/studentenkamerkopen.nl\/wp-content\/uploads\/2024\/06\/Screenshot-2024-06-21-at-11.21.06.png\",\"datePublished\":\"2024-06-19T09:54:24+00:00\",\"dateModified\":\"2024-12-08T17:28:59+00:00\",\"breadcrumb\":{\"@id\":\"https:\/\/studentenkamerkopen.nl\/over-ons\/#breadcrumb\"},\"inLanguage\":\"nb-NO\",\"potentialAction\":[{\"@type\":\"ReadAction\",\"target\":[\"https:\/\/studentenkamerkopen.nl\/over-ons\/\"]}]},{\"@type\":\"ImageObject\",\"inLanguage\":\"nb-NO\",\"@id\":\"https:\/\/studentenkamerkopen.nl\/over-ons\/#primaryimage\",\"url\":\"https:\/\/studentenkamerkopen.nl\/wp-content\/uploads\/2024\/06\/Screenshot-2024-06-21-at-11.21.06.png\",\"contentUrl\":\"https:\/\/studentenkamerkopen.nl\/wp-content\/uploads\/2024\/06\/Screenshot-2024-06-21-at-11.21.06.png\"},{\"@type\":\"BreadcrumbList\",\"@id\":\"https:\/\/studentenkamerkopen.nl\/over-ons\/#breadcrumb\",\"itemListElement\":[{\"@type\":\"ListItem\",\"position\":1,\"name\":\"Home\",\"item\":\"https:\/\/studentenkamerkopen.nl\/\"},{\"@type\":\"ListItem\",\"position\":2,\"name\":\"Over ons\"}]},{\"@type\":\"WebSite\",\"@id\":\"https:\/\/studentenkamerkopen.nl\/#website\",\"url\":\"https:\/\/studentenkamerkopen.nl\/\",\"name\":\"StudentenkamerKopen.nl | Inhuizen\",\"description\":\"\",\"publisher\":{\"@id\":\"https:\/\/studentenkamerkopen.nl\/#organization\"},\"potentialAction\":[{\"@type\":\"SearchAction\",\"target\":{\"@type\":\"EntryPoint\",\"urlTemplate\":\"https:\/\/studentenkamerkopen.nl\/?s={search_term_string}\"},\"query-input\":\"required name=search_term_string\"}],\"inLanguage\":\"nb-NO\"},{\"@type\":\"Organization\",\"@id\":\"https:\/\/studentenkamerkopen.nl\/#organization\",\"name\":\"StudentenkamerKopen.nl | Inhuizen\",\"url\":\"https:\/\/studentenkamerkopen.nl\/\",\"logo\":{\"@type\":\"ImageObject\",\"inLanguage\":\"nb-NO\",\"@id\":\"https:\/\/studentenkamerkopen.nl\/#\/schema\/logo\/image\/\",\"url\":\"https:\/\/studentenkamerkopen.nl\/wp-content\/uploads\/2024\/06\/StudentenkamerKopen.nl-5.png\",\"contentUrl\":\"https:\/\/studentenkamerkopen.nl\/wp-content\/uploads\/2024\/06\/StudentenkamerKopen.nl-5.png\",\"width\":1000,\"height\":150,\"caption\":\"StudentenkamerKopen.nl | Inhuizen\"},\"image\":{\"@id\":\"https:\/\/studentenkamerkopen.nl\/#\/schema\/logo\/image\/\"}}]}<\/script>\n<!-- \/ Yoast SEO plugin. -->","yoast_head_json":{"title":"Over ons - StudentenkamerKopen.nl | Inhuizen","robots":{"index":"index","follow":"follow","max-snippet":"max-snippet:-1","max-image-preview":"max-image-preview:large","max-video-preview":"max-video-preview:-1"},"canonical":"https:\/\/studentenkamerkopen.nl\/no\/over-ons\/","og_locale":"nb_NO","og_type":"article","og_title":"Over ons - StudentenkamerKopen.nl | Inhuizen","og_description":"Over ons Bouwen aan betere studentenhuisvesting Welkom bij StudentenkamerKopen.nl, uw betrouwbare partner in het vinden van de perfecte studentenkamer. Wij zijn een toegewijd team van vastgoedprofessionals met een diepe passie voor het verbeteren van studentenhuisvesting in Nederland. Ons doel is om elke student een veilig, comfortabel en stijlvol thuis te bieden tijdens hun studietijd. Kwaliteit [&hellip;]","og_url":"https:\/\/studentenkamerkopen.nl\/no\/over-ons\/","og_site_name":"StudentenkamerKopen.nl | Inhuizen","article_modified_time":"2024-12-08T17:28:59+00:00","og_image":[{"url":"https:\/\/studentenkamerkopen.nl\/wp-content\/uploads\/2024\/06\/Screenshot-2024-06-21-at-11.21.06.png"}],"twitter_card":"summary_large_image","twitter_misc":{"Ansl. lesetid":"2 minutter"},"schema":{"@context":"https:\/\/schema.org","@graph":[{"@type":"WebPage","@id":"https:\/\/studentenkamerkopen.nl\/over-ons\/","url":"https:\/\/studentenkamerkopen.nl\/over-ons\/","name":"Over ons - StudentenkamerKopen.nl | Inhuizen","isPartOf":{"@id":"https:\/\/studentenkamerkopen.nl\/#website"},"primaryImageOfPage":{"@id":"https:\/\/studentenkamerkopen.nl\/over-ons\/#primaryimage"},"image":{"@id":"https:\/\/studentenkamerkopen.nl\/over-ons\/#primaryimage"},"thumbnailUrl":"https:\/\/studentenkamerkopen.nl\/wp-content\/uploads\/2024\/06\/Screenshot-2024-06-21-at-11.21.06.png","datePublished":"2024-06-19T09:54:24+00:00","dateModified":"2024-12-08T17:28:59+00:00","breadcrumb":{"@id":"https:\/\/studentenkamerkopen.nl\/over-ons\/#breadcrumb"},"inLanguage":"nb-NO","potentialAction":[{"@type":"ReadAction","target":["https:\/\/studentenkamerkopen.nl\/over-ons\/"]}]},{"@type":"ImageObject","inLanguage":"nb-NO","@id":"https:\/\/studentenkamerkopen.nl\/over-ons\/#primaryimage","url":"https:\/\/studentenkamerkopen.nl\/wp-content\/uploads\/2024\/06\/Screenshot-2024-06-21-at-11.21.06.png","contentUrl":"https:\/\/studentenkamerkopen.nl\/wp-content\/uploads\/2024\/06\/Screenshot-2024-06-21-at-11.21.06.png"},{"@type":"BreadcrumbList","@id":"https:\/\/studentenkamerkopen.nl\/over-ons\/#breadcrumb","itemListElement":[{"@type":"ListItem","position":1,"name":"Home","item":"https:\/\/studentenkamerkopen.nl\/"},{"@type":"ListItem","position":2,"name":"Over ons"}]},{"@type":"WebSite","@id":"https:\/\/studentenkamerkopen.nl\/#website","url":"https:\/\/studentenkamerkopen.nl\/","name":"StudentenkamerKopen.nl | Flytter inn","description":"","publisher":{"@id":"https:\/\/studentenkamerkopen.nl\/#organization"},"potentialAction":[{"@type":"SearchAction","target":{"@type":"EntryPoint","urlTemplate":"https:\/\/studentenkamerkopen.nl\/?s={search_term_string}"},"query-input":"required name=search_term_string"}],"inLanguage":"nb-NO"},{"@type":"Organization","@id":"https:\/\/studentenkamerkopen.nl\/#organization","name":"StudentenkamerKopen.nl | Flytter inn","url":"https:\/\/studentenkamerkopen.nl\/","logo":{"@type":"ImageObject","inLanguage":"nb-NO","@id":"https:\/\/studentenkamerkopen.nl\/#\/schema\/logo\/image\/","url":"https:\/\/studentenkamerkopen.nl\/wp-content\/uploads\/2024\/06\/StudentenkamerKopen.nl-5.png","contentUrl":"https:\/\/studentenkamerkopen.nl\/wp-content\/uploads\/2024\/06\/StudentenkamerKopen.nl-5.png","width":1000,"height":150,"caption":"StudentenkamerKopen.nl | Inhuizen"},"image":{"@id":"https:\/\/studentenkamerkopen.nl\/#\/schema\/logo\/image\/"}}]}},"_links":{"self":[{"href":"https:\/\/studentenkamerkopen.nl\/no\/wp-json\/wp\/v2\/pages\/143","targetHints":{"allow":["GET"]}}],"collection":[{"href":"https:\/\/studentenkamerkopen.nl\/no\/wp-json\/wp\/v2\/pages"}],"about":[{"href":"https:\/\/studentenkamerkopen.nl\/no\/wp-json\/wp\/v2\/types\/page"}],"author":[{"embeddable":true,"href":"https:\/\/studentenkamerkopen.nl\/no\/wp-json\/wp\/v2\/users\/1"}],"replies":[{"embeddable":true,"href":"https:\/\/studentenkamerkopen.nl\/no\/wp-json\/wp\/v2\/comments?post=143"}],"version-history":[{"count":25,"href":"https:\/\/studentenkamerkopen.nl\/no\/wp-json\/wp\/v2\/pages\/143\/revisions"}],"predecessor-version":[{"id":1127,"href":"https:\/\/studentenkamerkopen.nl\/no\/wp-json\/wp\/v2\/pages\/143\/revisions\/1127"}],"wp:attachment":[{"href":"https:\/\/studentenkamerkopen.nl\/no\/wp-json\/wp\/v2\/media?parent=143"}],"curies":[{"name":"wp","href":"https:\/\/api.w.org\/{rel}","templated":true}]}}