{"id":233,"date":"2024-06-21T07:37:51","date_gmt":"2024-06-21T07:37:51","guid":{"rendered":"https:\/\/studentenkamerkopen.nl\/?page_id=233"},"modified":"2024-07-04T15:35:05","modified_gmt":"2024-07-04T15:35:05","slug":"faq","status":"publish","type":"page","link":"https:\/\/studentenkamerkopen.nl\/no\/faq\/","title":{"rendered":"VANLIGE SP\u00d8RSM\u00c5L"},"content":{"rendered":"<div data-elementor-type=\"wp-page\" data-elementor-id=\"233\" class=\"elementor elementor-233\" data-elementor-post-type=\"page\">\n\t\t\t\t<div class=\"elementor-element elementor-element-91a3b71 e-con-full e-flex e-con e-parent\" data-id=\"91a3b71\" data-element_type=\"container\" data-settings=\"{&quot;jet_parallax_layout_list&quot;:[]}\">\n\t\t<div class=\"elementor-element elementor-element-1d3e575 e-flex e-con-boxed e-con e-child\" data-id=\"1d3e575\" data-element_type=\"container\" data-settings=\"{&quot;jet_parallax_layout_list&quot;:[]}\">\n\t\t\t\t\t<div class=\"e-con-inner\">\n\t\t\t\t<div class=\"elementor-element elementor-element-3595877 elementor-widget elementor-widget-heading\" data-id=\"3595877\" data-element_type=\"widget\" data-widget_type=\"heading.default\">\n\t\t\t\t<div class=\"elementor-widget-container\">\n\t\t\t\t\t<h1 class=\"elementor-heading-title elementor-size-default\">Ofte stilte sp\u00f8rsm\u00e5l<\/h1>\t\t\t\t<\/div>\n\t\t\t\t<\/div>\n\t\t\t\t\t<\/div>\n\t\t\t\t<\/div>\n\t\t\t\t<\/div>\n\t\t<div class=\"elementor-element elementor-element-caed4e5 e-flex e-con-boxed e-con e-parent\" data-id=\"caed4e5\" data-element_type=\"container\" data-settings=\"{&quot;jet_parallax_layout_list&quot;:[]}\">\n\t\t\t\t\t<div class=\"e-con-inner\">\n\t\t\t\t<div class=\"elementor-element elementor-element-012ae48 elementor-invisible elementor-widget elementor-widget-toggle\" data-id=\"012ae48\" data-element_type=\"widget\" data-settings=\"{&quot;_animation&quot;:&quot;fadeInUp&quot;,&quot;_animation_delay&quot;:500}\" data-widget_type=\"toggle.default\">\n\t\t\t\t<div class=\"elementor-widget-container\">\n\t\t\t\t\t\t\t<div class=\"elementor-toggle\">\n\t\t\t\t\t\t\t<div class=\"elementor-toggle-item\">\n\t\t\t\t\t<div id=\"elementor-tab-title-1221\" class=\"elementor-tab-title\" data-tab=\"1\" role=\"button\" aria-controls=\"elementor-tab-content-1221\" aria-expanded=\"false\">\n\t\t\t\t\t\t\t\t\t\t\t\t<span class=\"elementor-toggle-icon elementor-toggle-icon-right\" aria-hidden=\"true\">\n\t\t\t\t\t\t\t\t\t\t\t\t\t\t\t<span class=\"elementor-toggle-icon-closed\"><svg class=\"e-font-icon-svg e-fas-angle-down\" viewbox=\"0 0 320 512\" xmlns=\"http:\/\/www.w3.org\/2000\/svg\"><path d=\"M143 352.3L7 216.3c-9.4-9.4-9.4-24.6 0-33.9l22.6-22.6c9.4-9.4 24.6-9.4 33.9 0l96.4 96.4 96.4-96.4c9.4-9.4 24.6-9.4 33.9 0l22.6 22.6c9.4 9.4 9.4 24.6 0 33.9l-136 136c-9.2 9.4-24.4 9.4-33.8 0z\"><\/path><\/svg><\/span>\n\t\t\t\t\t\t\t\t<span class=\"elementor-toggle-icon-opened\"><svg class=\"elementor-toggle-icon-opened e-font-icon-svg e-fas-angle-up\" viewbox=\"0 0 320 512\" xmlns=\"http:\/\/www.w3.org\/2000\/svg\"><path d=\"M177 159.7l136 136c9.4 9.4 9.4 24.6 0 33.9l-22.6 22.6c-9.4 9.4-24.6 9.4-33.9 0L160 255.9l-96.4 96.4c-9.4 9.4-24.6 9.4-33.9 0L7 329.7c-9.4-9.4-9.4-24.6 0-33.9l136-136c9.4-9.5 24.6-9.5 34-.1z\"><\/path><\/svg><\/span>\n\t\t\t\t\t\t\t\t\t\t\t\t\t<\/span>\n\t\t\t\t\t\t\t\t\t\t\t\t<a class=\"elementor-toggle-title\" tabindex=\"0\">Hvilke typer rom tilbyr StudentenkamerKopen.nl?<\/a>\n\t\t\t\t\t<\/div>\n\n\t\t\t\t\t<div id=\"elementor-tab-content-1221\" class=\"elementor-tab-content elementor-clearfix\" data-tab=\"1\" role=\"region\" aria-labelledby=\"elementor-tab-title-1221\"><p>Vi tilbyr profesjonelt renoverte og stilfullt innredede studentrom i store studentbyer som Amsterdam, Utrecht og Groningen. Alle rommene har h\u00f8yhastighetsinternett, komfortable studieomr\u00e5der og fullt utstyrt kj\u00f8kken og bad.<\/p><\/div>\n\t\t\t\t<\/div>\n\t\t\t\t\t\t\t<div class=\"elementor-toggle-item\">\n\t\t\t\t\t<div id=\"elementor-tab-title-1222\" class=\"elementor-tab-title\" data-tab=\"2\" role=\"button\" aria-controls=\"elementor-tab-content-1222\" aria-expanded=\"false\">\n\t\t\t\t\t\t\t\t\t\t\t\t<span class=\"elementor-toggle-icon elementor-toggle-icon-right\" aria-hidden=\"true\">\n\t\t\t\t\t\t\t\t\t\t\t\t\t\t\t<span class=\"elementor-toggle-icon-closed\"><svg class=\"e-font-icon-svg e-fas-angle-down\" viewbox=\"0 0 320 512\" xmlns=\"http:\/\/www.w3.org\/2000\/svg\"><path d=\"M143 352.3L7 216.3c-9.4-9.4-9.4-24.6 0-33.9l22.6-22.6c9.4-9.4 24.6-9.4 33.9 0l96.4 96.4 96.4-96.4c9.4-9.4 24.6-9.4 33.9 0l22.6 22.6c9.4 9.4 9.4 24.6 0 33.9l-136 136c-9.2 9.4-24.4 9.4-33.8 0z\"><\/path><\/svg><\/span>\n\t\t\t\t\t\t\t\t<span class=\"elementor-toggle-icon-opened\"><svg class=\"elementor-toggle-icon-opened e-font-icon-svg e-fas-angle-up\" viewbox=\"0 0 320 512\" xmlns=\"http:\/\/www.w3.org\/2000\/svg\"><path d=\"M177 159.7l136 136c9.4 9.4 9.4 24.6 0 33.9l-22.6 22.6c-9.4 9.4-24.6 9.4-33.9 0L160 255.9l-96.4 96.4c-9.4 9.4-24.6 9.4-33.9 0L7 329.7c-9.4-9.4-9.4-24.6 0-33.9l136-136c9.4-9.5 24.6-9.5 34-.1z\"><\/path><\/svg><\/span>\n\t\t\t\t\t\t\t\t\t\t\t\t\t<\/span>\n\t\t\t\t\t\t\t\t\t\t\t\t<a class=\"elementor-toggle-title\" tabindex=\"0\">Hva koster et studentrom?<\/a>\n\t\t\t\t\t<\/div>\n\n\t\t\t\t\t<div id=\"elementor-tab-content-1222\" class=\"elementor-tab-content elementor-clearfix\" data-tab=\"2\" role=\"region\" aria-labelledby=\"elementor-tab-title-1222\"><p>Et studentrom er til salgs p\u00e5 StudentenKamerKopen.nl fra 115 000 euro.<\/p><\/div>\n\t\t\t\t<\/div>\n\t\t\t\t\t\t\t<div class=\"elementor-toggle-item\">\n\t\t\t\t\t<div id=\"elementor-tab-title-1223\" class=\"elementor-tab-title\" data-tab=\"3\" role=\"button\" aria-controls=\"elementor-tab-content-1223\" aria-expanded=\"false\">\n\t\t\t\t\t\t\t\t\t\t\t\t<span class=\"elementor-toggle-icon elementor-toggle-icon-right\" aria-hidden=\"true\">\n\t\t\t\t\t\t\t\t\t\t\t\t\t\t\t<span class=\"elementor-toggle-icon-closed\"><svg class=\"e-font-icon-svg e-fas-angle-down\" viewbox=\"0 0 320 512\" xmlns=\"http:\/\/www.w3.org\/2000\/svg\"><path d=\"M143 352.3L7 216.3c-9.4-9.4-9.4-24.6 0-33.9l22.6-22.6c9.4-9.4 24.6-9.4 33.9 0l96.4 96.4 96.4-96.4c9.4-9.4 24.6-9.4 33.9 0l22.6 22.6c9.4 9.4 9.4 24.6 0 33.9l-136 136c-9.2 9.4-24.4 9.4-33.8 0z\"><\/path><\/svg><\/span>\n\t\t\t\t\t\t\t\t<span class=\"elementor-toggle-icon-opened\"><svg class=\"elementor-toggle-icon-opened e-font-icon-svg e-fas-angle-up\" viewbox=\"0 0 320 512\" xmlns=\"http:\/\/www.w3.org\/2000\/svg\"><path d=\"M177 159.7l136 136c9.4 9.4 9.4 24.6 0 33.9l-22.6 22.6c-9.4 9.4-24.6 9.4-33.9 0L160 255.9l-96.4 96.4c-9.4 9.4-24.6 9.4-33.9 0L7 329.7c-9.4-9.4-9.4-24.6 0-33.9l136-136c9.4-9.5 24.6-9.5 34-.1z\"><\/path><\/svg><\/span>\n\t\t\t\t\t\t\t\t\t\t\t\t\t<\/span>\n\t\t\t\t\t\t\t\t\t\t\t\t<a class=\"elementor-toggle-title\" tabindex=\"0\">Er det mulig \u00e5 finansiere studentrum?<\/a>\n\t\t\t\t\t<\/div>\n\n\t\t\t\t\t<div id=\"elementor-tab-content-1223\" class=\"elementor-tab-content elementor-clearfix\" data-tab=\"3\" role=\"region\" aria-labelledby=\"elementor-tab-title-1223\"><p>Studentboliger er vanskeligere \u00e5 finansiere med tradisjonelle boligl\u00e5n. De velger ofte \u00e5 ta opp l\u00e5n fra en tredjepart, l\u00e5ne fra et privat aksjeselskap eller finansiere med oververdien p\u00e5 sitt eget boligl\u00e5n.<\/p><\/div>\n\t\t\t\t<\/div>\n\t\t\t\t\t\t\t<div class=\"elementor-toggle-item\">\n\t\t\t\t\t<div id=\"elementor-tab-title-1224\" class=\"elementor-tab-title\" data-tab=\"4\" role=\"button\" aria-controls=\"elementor-tab-content-1224\" aria-expanded=\"false\">\n\t\t\t\t\t\t\t\t\t\t\t\t<span class=\"elementor-toggle-icon elementor-toggle-icon-right\" aria-hidden=\"true\">\n\t\t\t\t\t\t\t\t\t\t\t\t\t\t\t<span class=\"elementor-toggle-icon-closed\"><svg class=\"e-font-icon-svg e-fas-angle-down\" viewbox=\"0 0 320 512\" xmlns=\"http:\/\/www.w3.org\/2000\/svg\"><path d=\"M143 352.3L7 216.3c-9.4-9.4-9.4-24.6 0-33.9l22.6-22.6c9.4-9.4 24.6-9.4 33.9 0l96.4 96.4 96.4-96.4c9.4-9.4 24.6-9.4 33.9 0l22.6 22.6c9.4 9.4 9.4 24.6 0 33.9l-136 136c-9.2 9.4-24.4 9.4-33.8 0z\"><\/path><\/svg><\/span>\n\t\t\t\t\t\t\t\t<span class=\"elementor-toggle-icon-opened\"><svg class=\"elementor-toggle-icon-opened e-font-icon-svg e-fas-angle-up\" viewbox=\"0 0 320 512\" xmlns=\"http:\/\/www.w3.org\/2000\/svg\"><path d=\"M177 159.7l136 136c9.4 9.4 9.4 24.6 0 33.9l-22.6 22.6c-9.4 9.4-24.6 9.4-33.9 0L160 255.9l-96.4 96.4c-9.4 9.4-24.6 9.4-33.9 0L7 329.7c-9.4-9.4-9.4-24.6 0-33.9l136-136c9.4-9.5 24.6-9.5 34-.1z\"><\/path><\/svg><\/span>\n\t\t\t\t\t\t\t\t\t\t\t\t\t<\/span>\n\t\t\t\t\t\t\t\t\t\t\t\t<a class=\"elementor-toggle-title\" tabindex=\"0\">Hva er den beste m\u00e5ten \u00e5 kj\u00f8pe et studentrum p\u00e5?<\/a>\n\t\t\t\t\t<\/div>\n\n\t\t\t\t\t<div id=\"elementor-tab-content-1224\" class=\"elementor-tab-content elementor-clearfix\" data-tab=\"4\" role=\"region\" aria-labelledby=\"elementor-tab-title-1224\"><p>Dette varierer avhengig av situasjonen. En popul\u00e6r m\u00e5te for foreldre er \u00e5 benytte seg av oververdien av boligen, sparepengene eller aksjeselskapet (BV) og sette studenthybelen i s\u00f8nnens eller datterens navn. P\u00e5 denne m\u00e5ten bygger s\u00f8nnen eller datteren opp egenkapital, kan kreve rentefradrag og slipper i mange tilfeller \u00e5 betale 2%-overf\u00f8ringsskatt.<\/p><p>For \u00e5 begrense presset p\u00e5 s\u00f8nnen eller datteren din kan du ogs\u00e5 velge \u00e5 gi ham eller henne et avdragsfritt boligl\u00e5n, men da mister han eller hun retten til rentefradrag.<br \/><br \/>Det er obligatorisk \u00e5 kreve en markedsbasert rente, men du kan likevel benytte deg av retten til \u00e5 donere penger til s\u00f8nnen eller datteren din.\u00a0<\/p><p>De aktuelle studentene kan selvf\u00f8lgelig ogs\u00e5 selv lete etter private investorer.<\/p><\/div>\n\t\t\t\t<\/div>\n\t\t\t\t\t\t\t\t\t\t<script type=\"application\/ld+json\">{\n    \"@context\": \"https:\\\/\\\/schema.org\",\n    \"@type\": \"FAQPage\",\n    \"mainEntity\": [\n        {\n            \"@type\": \"Question\",\n            \"name\": \"Welke soorten kamers biedt StudentenkamerKopen.nl aan?\",\n            \"acceptedAnswer\": {\n                \"@type\": \"Answer\",\n                \"text\": \"<p>Wij bieden professioneel gerenoveerde en stijlvol ingerichte studentenkamers aan in grote studentensteden zoals Amsterdam, Utrecht en Groningen. Elke kamer is voorzien van snel internet, comfortabele studeerplekken en volledig uitgeruste keukens en badkamers.<\\\/p>\"\n            }\n        },\n        {\n            \"@type\": \"Question\",\n            \"name\": \"Wat kost een studentenkamer?\",\n            \"acceptedAnswer\": {\n                \"@type\": \"Answer\",\n                \"text\": \"<p>Een studentenkamer is bij StudentenKamerKopen.nl te koop vanaf \\u20ac115.000.<\\\/p>\"\n            }\n        },\n        {\n            \"@type\": \"Question\",\n            \"name\": \"Zijn studentenkamers te financieren?\",\n            \"acceptedAnswer\": {\n                \"@type\": \"Answer\",\n                \"text\": \"<p>Studentenkamers zijn lastiger te financieren bij traditionele hypotheekverstrekkers. Vaak wordt ervoor gekozen\\u00a0 om een hypotheek af te sluiten bij een 3e partij, te lenen van een BV of te financieren met de overwaarde op hun eigen hypotheek.<\\\/p>\"\n            }\n        },\n        {\n            \"@type\": \"Question\",\n            \"name\": \"Wat is de beste manier om een studentenkamer te kopen?\",\n            \"acceptedAnswer\": {\n                \"@type\": \"Answer\",\n                \"text\": \"<p>Dat verschilt per situatie. Een populaire manier is dat ouders de overwaarde van hun woning, hun spaargelden of hun BV aanspreken en de studentenkamer op naam zetten van zoon of dochter. Zo bouwt uw zoon of dochter vermogen op, kan hij\\\/zij aanspraak maken op hypotheekrenteaftrek en hoeft in veel gevallen geen 2% overdrachtsbelasting te betalen.<\\\/p><p>Om de druk op uw zoon of dochter te beperken kunt u er ook voor kiezen om een aflossingsvrije hypotheek te verstrekken, echter verliest hij\\\/zij dan het recht op hypotheekrenteaftrek.<br \\\/><br \\\/>Het is verplicht een marktconforme rente in rekening te brengen, maar u kunt echter wel gebruik maken van uw recht om geld te schenken om uw zoon of dochter tegemoet te komen.\\u00a0<\\\/p><p>Uiteraard kan de student in kwestie ook zelf op zoek naar particuliere investeerders.<\\\/p>\"\n            }\n        }\n    ]\n}<\/script>\n\t\t\t\t\t<\/div>\n\t\t\t\t\t\t<\/div>\n\t\t\t\t<\/div>\n\t\t\t\t\t<\/div>\n\t\t\t\t<\/div>\n\t\t\t\t<\/div>","protected":false},"excerpt":{"rendered":"<p>Veelgestelde vragen Welke soorten kamers biedt StudentenkamerKopen.nl aan? Wij bieden professioneel gerenoveerde en stijlvol ingerichte studentenkamers aan in grote studentensteden zoals Amsterdam, Utrecht en Groningen. Elke kamer is voorzien van snel internet, comfortabele studeerplekken en volledig uitgeruste keukens en badkamers. Wat kost een studentenkamer? Een studentenkamer is bij StudentenKamerKopen.nl te koop vanaf \u20ac115.000. Zijn studentenkamers [&hellip;]<\/p>","protected":false},"author":1,"featured_media":0,"parent":0,"menu_order":0,"comment_status":"closed","ping_status":"closed","template":"","meta":{"footnotes":""},"class_list":["post-233","page","type-page","status-publish","hentry"],"yoast_head":"<!-- This site is optimized with the Yoast SEO plugin v23.0 - https:\/\/yoast.com\/wordpress\/plugins\/seo\/ -->\n<title>FAQ - StudentenkamerKopen.nl | Inhuizen<\/title>\n<meta name=\"robots\" content=\"index, follow, max-snippet:-1, max-image-preview:large, max-video-preview:-1\" \/>\n<link rel=\"canonical\" href=\"https:\/\/studentenkamerkopen.nl\/no\/faq\/\" \/>\n<meta property=\"og:locale\" content=\"nb_NO\" \/>\n<meta property=\"og:type\" content=\"article\" \/>\n<meta property=\"og:title\" content=\"FAQ - StudentenkamerKopen.nl | Inhuizen\" \/>\n<meta property=\"og:description\" content=\"Veelgestelde vragen Welke soorten kamers biedt StudentenkamerKopen.nl aan? Wij bieden professioneel gerenoveerde en stijlvol ingerichte studentenkamers aan in grote studentensteden zoals Amsterdam, Utrecht en Groningen. Elke kamer is voorzien van snel internet, comfortabele studeerplekken en volledig uitgeruste keukens en badkamers. Wat kost een studentenkamer? Een studentenkamer is bij StudentenKamerKopen.nl te koop vanaf \u20ac115.000. Zijn studentenkamers [&hellip;]\" \/>\n<meta property=\"og:url\" content=\"https:\/\/studentenkamerkopen.nl\/no\/faq\/\" \/>\n<meta property=\"og:site_name\" content=\"StudentenkamerKopen.nl | Inhuizen\" \/>\n<meta property=\"article:modified_time\" content=\"2024-07-04T15:35:05+00:00\" \/>\n<meta name=\"twitter:card\" content=\"summary_large_image\" \/>\n<meta name=\"twitter:label1\" content=\"Ansl. lesetid\" \/>\n\t<meta name=\"twitter:data1\" content=\"2 minutter\" \/>\n<script type=\"application\/ld+json\" class=\"yoast-schema-graph\">{\"@context\":\"https:\/\/schema.org\",\"@graph\":[{\"@type\":\"WebPage\",\"@id\":\"https:\/\/studentenkamerkopen.nl\/faq\/\",\"url\":\"https:\/\/studentenkamerkopen.nl\/faq\/\",\"name\":\"FAQ - StudentenkamerKopen.nl | Inhuizen\",\"isPartOf\":{\"@id\":\"https:\/\/studentenkamerkopen.nl\/#website\"},\"datePublished\":\"2024-06-21T07:37:51+00:00\",\"dateModified\":\"2024-07-04T15:35:05+00:00\",\"breadcrumb\":{\"@id\":\"https:\/\/studentenkamerkopen.nl\/faq\/#breadcrumb\"},\"inLanguage\":\"nb-NO\",\"potentialAction\":[{\"@type\":\"ReadAction\",\"target\":[\"https:\/\/studentenkamerkopen.nl\/faq\/\"]}]},{\"@type\":\"BreadcrumbList\",\"@id\":\"https:\/\/studentenkamerkopen.nl\/faq\/#breadcrumb\",\"itemListElement\":[{\"@type\":\"ListItem\",\"position\":1,\"name\":\"Home\",\"item\":\"https:\/\/studentenkamerkopen.nl\/\"},{\"@type\":\"ListItem\",\"position\":2,\"name\":\"FAQ\"}]},{\"@type\":\"WebSite\",\"@id\":\"https:\/\/studentenkamerkopen.nl\/#website\",\"url\":\"https:\/\/studentenkamerkopen.nl\/\",\"name\":\"StudentenkamerKopen.nl | Inhuizen\",\"description\":\"\",\"publisher\":{\"@id\":\"https:\/\/studentenkamerkopen.nl\/#organization\"},\"potentialAction\":[{\"@type\":\"SearchAction\",\"target\":{\"@type\":\"EntryPoint\",\"urlTemplate\":\"https:\/\/studentenkamerkopen.nl\/?s={search_term_string}\"},\"query-input\":\"required name=search_term_string\"}],\"inLanguage\":\"nb-NO\"},{\"@type\":\"Organization\",\"@id\":\"https:\/\/studentenkamerkopen.nl\/#organization\",\"name\":\"StudentenkamerKopen.nl | Inhuizen\",\"url\":\"https:\/\/studentenkamerkopen.nl\/\",\"logo\":{\"@type\":\"ImageObject\",\"inLanguage\":\"nb-NO\",\"@id\":\"https:\/\/studentenkamerkopen.nl\/#\/schema\/logo\/image\/\",\"url\":\"https:\/\/studentenkamerkopen.nl\/wp-content\/uploads\/2024\/06\/StudentenkamerKopen.nl-5.png\",\"contentUrl\":\"https:\/\/studentenkamerkopen.nl\/wp-content\/uploads\/2024\/06\/StudentenkamerKopen.nl-5.png\",\"width\":1000,\"height\":150,\"caption\":\"StudentenkamerKopen.nl | Inhuizen\"},\"image\":{\"@id\":\"https:\/\/studentenkamerkopen.nl\/#\/schema\/logo\/image\/\"}}]}<\/script>\n<!-- \/ Yoast SEO plugin. -->","yoast_head_json":{"title":"Vanlige sp\u00f8rsm\u00e5l - StudentenkamerKopen.nl | Flytte inn","robots":{"index":"index","follow":"follow","max-snippet":"max-snippet:-1","max-image-preview":"max-image-preview:large","max-video-preview":"max-video-preview:-1"},"canonical":"https:\/\/studentenkamerkopen.nl\/no\/faq\/","og_locale":"nb_NO","og_type":"article","og_title":"FAQ - StudentenkamerKopen.nl | Inhuizen","og_description":"Veelgestelde vragen Welke soorten kamers biedt StudentenkamerKopen.nl aan? Wij bieden professioneel gerenoveerde en stijlvol ingerichte studentenkamers aan in grote studentensteden zoals Amsterdam, Utrecht en Groningen. Elke kamer is voorzien van snel internet, comfortabele studeerplekken en volledig uitgeruste keukens en badkamers. Wat kost een studentenkamer? Een studentenkamer is bij StudentenKamerKopen.nl te koop vanaf \u20ac115.000. Zijn studentenkamers [&hellip;]","og_url":"https:\/\/studentenkamerkopen.nl\/no\/faq\/","og_site_name":"StudentenkamerKopen.nl | Inhuizen","article_modified_time":"2024-07-04T15:35:05+00:00","twitter_card":"summary_large_image","twitter_misc":{"Ansl. lesetid":"2 minutter"},"schema":{"@context":"https:\/\/schema.org","@graph":[{"@type":"WebPage","@id":"https:\/\/studentenkamerkopen.nl\/faq\/","url":"https:\/\/studentenkamerkopen.nl\/faq\/","name":"Vanlige sp\u00f8rsm\u00e5l - StudentenkamerKopen.nl | Flytte inn","isPartOf":{"@id":"https:\/\/studentenkamerkopen.nl\/#website"},"datePublished":"2024-06-21T07:37:51+00:00","dateModified":"2024-07-04T15:35:05+00:00","breadcrumb":{"@id":"https:\/\/studentenkamerkopen.nl\/faq\/#breadcrumb"},"inLanguage":"nb-NO","potentialAction":[{"@type":"ReadAction","target":["https:\/\/studentenkamerkopen.nl\/faq\/"]}]},{"@type":"BreadcrumbList","@id":"https:\/\/studentenkamerkopen.nl\/faq\/#breadcrumb","itemListElement":[{"@type":"ListItem","position":1,"name":"Home","item":"https:\/\/studentenkamerkopen.nl\/"},{"@type":"ListItem","position":2,"name":"FAQ"}]},{"@type":"WebSite","@id":"https:\/\/studentenkamerkopen.nl\/#website","url":"https:\/\/studentenkamerkopen.nl\/","name":"StudentenkamerKopen.nl | Flytter inn","description":"","publisher":{"@id":"https:\/\/studentenkamerkopen.nl\/#organization"},"potentialAction":[{"@type":"SearchAction","target":{"@type":"EntryPoint","urlTemplate":"https:\/\/studentenkamerkopen.nl\/?s={search_term_string}"},"query-input":"required name=search_term_string"}],"inLanguage":"nb-NO"},{"@type":"Organization","@id":"https:\/\/studentenkamerkopen.nl\/#organization","name":"StudentenkamerKopen.nl | Flytter inn","url":"https:\/\/studentenkamerkopen.nl\/","logo":{"@type":"ImageObject","inLanguage":"nb-NO","@id":"https:\/\/studentenkamerkopen.nl\/#\/schema\/logo\/image\/","url":"https:\/\/studentenkamerkopen.nl\/wp-content\/uploads\/2024\/06\/StudentenkamerKopen.nl-5.png","contentUrl":"https:\/\/studentenkamerkopen.nl\/wp-content\/uploads\/2024\/06\/StudentenkamerKopen.nl-5.png","width":1000,"height":150,"caption":"StudentenkamerKopen.nl | Inhuizen"},"image":{"@id":"https:\/\/studentenkamerkopen.nl\/#\/schema\/logo\/image\/"}}]}},"_links":{"self":[{"href":"https:\/\/studentenkamerkopen.nl\/no\/wp-json\/wp\/v2\/pages\/233","targetHints":{"allow":["GET"]}}],"collection":[{"href":"https:\/\/studentenkamerkopen.nl\/no\/wp-json\/wp\/v2\/pages"}],"about":[{"href":"https:\/\/studentenkamerkopen.nl\/no\/wp-json\/wp\/v2\/types\/page"}],"author":[{"embeddable":true,"href":"https:\/\/studentenkamerkopen.nl\/no\/wp-json\/wp\/v2\/users\/1"}],"replies":[{"embeddable":true,"href":"https:\/\/studentenkamerkopen.nl\/no\/wp-json\/wp\/v2\/comments?post=233"}],"version-history":[{"count":13,"href":"https:\/\/studentenkamerkopen.nl\/no\/wp-json\/wp\/v2\/pages\/233\/revisions"}],"predecessor-version":[{"id":448,"href":"https:\/\/studentenkamerkopen.nl\/no\/wp-json\/wp\/v2\/pages\/233\/revisions\/448"}],"wp:attachment":[{"href":"https:\/\/studentenkamerkopen.nl\/no\/wp-json\/wp\/v2\/media?parent=233"}],"curies":[{"name":"wp","href":"https:\/\/api.w.org\/{rel}","templated":true}]}}